{"id":97,"date":"2025-01-30T23:56:24","date_gmt":"2025-01-30T23:56:24","guid":{"rendered":"https:\/\/laserworks.cl\/?page_id=97"},"modified":"2025-03-21T20:51:50","modified_gmt":"2025-03-21T20:51:50","slug":"servicios","status":"publish","type":"page","link":"https:\/\/laserworks.cl\/?page_id=97","title":{"rendered":"Servicios"},"content":{"rendered":"\t\t<div data-elementor-type=\"wp-page\" data-elementor-id=\"97\" class=\"elementor elementor-97\">\n\t\t\t\t<div class=\"elementor-element elementor-element-25c7d822 e-flex e-con-boxed e-con e-parent\" data-id=\"25c7d822\" data-element_type=\"container\">\n\t\t\t\t\t<div class=\"e-con-inner\">\n\t\t\t\t<div class=\"elementor-element elementor-element-2c013edb elementor-widget elementor-widget-text-editor\" data-id=\"2c013edb\" data-element_type=\"widget\" data-widget_type=\"text-editor.default\">\n\t\t\t\t<div class=\"elementor-widget-container\">\n\t\t\t\t\t\t\t\t\t<div class=\"style-265 style-local-97-c1 position-relative\" data-colibri-id=\"97-c1\"><div id=\"overlappable\" class=\"h-section h-section-global-spacing d-flex align-items-lg-center align-items-md-center align-items-center style-267 style-local-97-c2 position-relative\" data-colibri-component=\"section\" data-colibri-id=\"97-c2\"><div class=\"h-section-grid-container h-section-boxed-container\"><div class=\"h-row-container gutters-row-lg-2 gutters-row-md-0 gutters-row-2 gutters-row-v-lg-2 gutters-row-v-md-0 gutters-row-v-2 style-268 style-local-97-c3 position-relative\" data-colibri-id=\"97-c3\"><div class=\"h-row justify-content-lg-center justify-content-md-center justify-content-center align-items-lg-stretch align-items-md-stretch align-items-stretch gutters-col-lg-2 gutters-col-md-0 gutters-col-2 gutters-col-v-lg-2 gutters-col-v-md-0 gutters-col-v-2\"><div class=\"h-column h-column-container d-flex h-col-lg-4 h-col-md-4 h-col-12 style-269-outer style-local-97-c4-outer\"><div class=\"d-flex h-flex-basis h-column__inner h-px-lg-2 h-px-md-3 h-px-2 v-inner-lg-0 v-inner-md-3 v-inner-2 style-269 style-local-97-c4 position-relative\" data-colibri-id=\"97-c4\"><div class=\"w-100 h-y-container h-column__content h-column__v-align flex-basis-100 align-self-lg-start align-self-md-start align-self-start\"><div class=\"h-icon style-270 style-local-97-c5 position-relative h-element\" data-colibri-id=\"97-c5\"><span class=\"h-svg-icon h-icon__icon style-270-icon style-local-97-c5-icon\"><!--Icon by Icons8 Line Awesome (https:\/\/icons8.com\/line-awesome)--><\/span><\/div><div class=\"h-global-transition-all h-heading style-271 style-local-97-c6 position-relative h-element\" data-colibri-id=\"97-c6\"><div class=\"h-heading__outer style-271 style-local-97-c6\"><h5 class=\"\">Corte L\u00e1ser\u00a0<\/h5><\/div><\/div><div class=\"h-text h-text-component style-272 style-local-97-c7 position-relative h-element\" data-colibri-id=\"97-c7\"><div class=\"\"><p>Somos tu aliado para dar vida a tus ideas con precisi\u00f3n y detalle. transformamos tus dise\u00f1os en realidad utilizando tecnolog\u00eda l\u00e1ser de \u00faltima generaci\u00f3n.<\/p><p>Desde prototipos y piezas personalizadas, hasta se\u00f1alizaci\u00f3n y elementos decorativos, cortamos y grabamos una amplia gama de materiales con resultados impecables.Detalles perfectos en cada proyecto.<\/p><\/div><\/div><\/div><\/div><\/div><div class=\"h-column h-column-container d-flex h-col-lg-4 h-col-md-4 h-col-12 style-269-outer style-local-97-c8-outer\"><div class=\"d-flex h-flex-basis h-column__inner h-px-lg-2 h-px-md-3 h-px-2 v-inner-lg-0 v-inner-md-3 v-inner-2 style-269 style-local-97-c8 position-relative\" data-colibri-id=\"97-c8\"><div class=\"w-100 h-y-container h-column__content h-column__v-align flex-basis-100 align-self-lg-start align-self-md-start align-self-start\"><div class=\"h-icon style-270 style-local-97-c9 position-relative h-element\" data-colibri-id=\"97-c9\"><span class=\"h-svg-icon h-icon__icon style-270-icon style-local-97-c9-icon\"><!--Icon by Icons8 Line Awesome (https:\/\/icons8.com\/line-awesome)--><\/span><\/div><div class=\"h-global-transition-all h-heading style-271 style-local-97-c10 position-relative h-element\" data-colibri-id=\"97-c10\"><div class=\"h-heading__outer style-271 style-local-97-c10\"><h5 class=\"\">Mecanizado\u00a0<\/h5><\/div><\/div><div class=\"h-text h-text-component style-272 style-local-97-c11 position-relative h-element\" data-colibri-id=\"97-c11\"><div class=\"\"><p>Somos tu socio para transformar tus ideas en prototipos y productos de alta precisi\u00f3n.\u00a0 combinamos la potencia del mecanizado CNC router con la experiencia de nuestro equipo para ofrecerte soluciones a medida.<\/p><p>Desde la creaci\u00f3n de piezas \u00fanicas hasta la producci\u00f3n en serie, trabajamos con una amplia gama de materiales y te acompa\u00f1amos en cada etapa del proceso: dise\u00f1o, programaci\u00f3n y fabricaci\u00f3n.<\/p><\/div><\/div><\/div><\/div><\/div><div class=\"h-column h-column-container d-flex h-col-lg-4 h-col-md-4 h-col-12 style-269-outer style-local-97-c12-outer\"><div class=\"d-flex h-flex-basis h-column__inner h-px-lg-2 h-px-md-3 h-px-2 v-inner-lg-0 v-inner-md-3 v-inner-2 style-269 style-local-97-c12 position-relative\" data-colibri-id=\"97-c12\"><div class=\"w-100 h-y-container h-column__content h-column__v-align flex-basis-100 align-self-lg-start align-self-md-start align-self-start\"><div class=\"h-icon style-270 style-local-97-c13 position-relative h-element\" data-colibri-id=\"97-c13\"><span class=\"h-svg-icon h-icon__icon style-270-icon style-local-97-c13-icon\"><!--Icon by Icons8 Line Awesome (https:\/\/icons8.com\/line-awesome)--><\/span><\/div><div class=\"h-global-transition-all h-heading style-271 style-local-97-c14 position-relative h-element\" data-colibri-id=\"97-c14\"><div class=\"h-heading__outer style-271 style-local-97-c14\"><h5 class=\"\">Impresi\u00f3n Digital<\/h5><\/div><\/div><div class=\"h-text h-text-component style-272 style-local-97-c15 position-relative h-element\" data-colibri-id=\"97-c15\"><div class=\"\"><p>Desde la investigaci\u00f3n y estrategia inicial, hasta el dise\u00f1o de la identidad visual y la creaci\u00f3n de experiencias de marca memorables, te acompa\u00f1amos en cada paso del camino.<\/p><\/div><\/div><\/div><\/div><\/div><\/div><\/div><\/div><\/div><div id=\"custom\" class=\"h-section h-section-global-spacing d-flex align-items-lg-center align-items-md-center align-items-center style-273 style-local-97-c16 position-relative\" data-colibri-component=\"section\" data-colibri-id=\"97-c16\"><div class=\"h-section-grid-container h-section-boxed-container\"><div class=\"h-row-container gutters-row-lg-2 gutters-row-md-2 gutters-row-0 gutters-row-v-lg-2 gutters-row-v-md-2 gutters-row-v-2 style-274 style-local-97-c17 position-relative\" data-colibri-id=\"97-c17\"><div class=\"h-row justify-content-lg-center justify-content-md-center justify-content-center align-items-lg-stretch align-items-md-stretch align-items-stretch gutters-col-lg-2 gutters-col-md-2 gutters-col-0 gutters-col-v-lg-2 gutters-col-v-md-2 gutters-col-v-2\"><div class=\"h-column h-column-container d-flex h-col-lg-auto h-col-md-auto h-col-auto style-275-outer style-local-97-c18-outer\"><div class=\"d-flex h-flex-basis h-column__inner h-px-lg-2 h-px-md-2 h-px-2 v-inner-lg-2 v-inner-md-2 v-inner-2 style-275 style-local-97-c18 position-relative\" data-colibri-id=\"97-c18\"><div class=\"w-100 h-y-container h-column__content h-column__v-align flex-basis-100 align-self-lg-start align-self-md-start align-self-start\"><div class=\"d-block style-286 style-local-97-c29 position-relative h-element\" data-colibri-id=\"97-c29\"><div class=\"h-image__frame-container-outer\"><div class=\"h-image__frame-container\"><p><img fetchpriority=\"high\" decoding=\"async\" width=\"808\" height=\"806\" class=\"wp-image-365 style-286-image style-local-97-c29-image\" src=\"https:\/\/laserworks.cl\/wp-content\/uploads\/2025\/02\/cropped-cropped-Screenshot_20231024_190817_com.facebook.katana.jpg\" srcset=\"https:\/\/laserworks.cl\/wp-content\/uploads\/2025\/02\/cropped-cropped-Screenshot_20231024_190817_com.facebook.katana.jpg 808w, https:\/\/laserworks.cl\/wp-content\/uploads\/2025\/02\/cropped-cropped-Screenshot_20231024_190817_com.facebook.katana-300x300.jpg 300w, https:\/\/laserworks.cl\/wp-content\/uploads\/2025\/02\/cropped-cropped-Screenshot_20231024_190817_com.facebook.katana-100x100.jpg 100w, https:\/\/laserworks.cl\/wp-content\/uploads\/2025\/02\/cropped-cropped-Screenshot_20231024_190817_com.facebook.katana-600x599.jpg 600w, https:\/\/laserworks.cl\/wp-content\/uploads\/2025\/02\/cropped-cropped-Screenshot_20231024_190817_com.facebook.katana-150x150.jpg 150w, https:\/\/laserworks.cl\/wp-content\/uploads\/2025\/02\/cropped-cropped-Screenshot_20231024_190817_com.facebook.katana-768x766.jpg 768w\" sizes=\"(max-width: 808px) 100vw, 808px\" \/><\/p><div class=\"h-image__frame h-hide-lg h-hide-md h-hide-sm style-286-frameImage style-local-97-c29-frameImage\">\u00a0<\/div><\/div><\/div><\/div><\/div><\/div><\/div><div class=\"h-column h-column-container d-flex h-col-lg-auto h-col-md-auto h-col-auto style-276-outer style-local-97-c19-outer\"><div class=\"d-flex h-flex-basis h-column__inner h-px-lg-2 h-px-md-2 h-px-2 v-inner-lg-2 v-inner-md-2 v-inner-2 style-276 style-local-97-c19 position-relative\" data-colibri-id=\"97-c19\"><div class=\"w-100 h-y-container h-column__content h-column__v-align flex-basis-100 align-self-lg-start align-self-md-start align-self-start\"><div class=\"d-block style-281 style-local-97-c24 position-relative h-element\" data-colibri-id=\"97-c24\"><div class=\"h-image__frame-container-outer\"><div class=\"h-image__frame-container\"><p><img decoding=\"async\" width=\"1052\" height=\"1018\" class=\"wp-image-339 style-281-image style-local-97-c24-image\" src=\"https:\/\/laserworks.cl\/wp-content\/uploads\/2025\/02\/cropped-Screenshot_20231017_155913.jpg\" srcset=\"https:\/\/laserworks.cl\/wp-content\/uploads\/2025\/02\/cropped-Screenshot_20231017_155913.jpg 1052w, https:\/\/laserworks.cl\/wp-content\/uploads\/2025\/02\/cropped-Screenshot_20231017_155913-600x581.jpg 600w, https:\/\/laserworks.cl\/wp-content\/uploads\/2025\/02\/cropped-Screenshot_20231017_155913-300x290.jpg 300w, https:\/\/laserworks.cl\/wp-content\/uploads\/2025\/02\/cropped-Screenshot_20231017_155913-1024x991.jpg 1024w, https:\/\/laserworks.cl\/wp-content\/uploads\/2025\/02\/cropped-Screenshot_20231017_155913-768x743.jpg 768w\" sizes=\"(max-width: 1052px) 100vw, 1052px\" \/><\/p><div class=\"h-image__frame h-hide-lg h-hide-md h-hide-sm style-281-frameImage style-local-97-c24-frameImage\">\u00a0<\/div><\/div><\/div><\/div><\/div><\/div><\/div><div class=\"h-column h-column-container d-flex h-col-lg-auto h-col-md-auto h-col-auto style-277-outer style-local-97-c20-outer\"><div class=\"d-flex h-flex-basis h-column__inner h-px-lg-2 h-px-md-2 h-px-2 v-inner-lg-2 v-inner-md-2 v-inner-2 style-277 style-local-97-c20 position-relative\" data-colibri-id=\"97-c20\"><div class=\"w-100 h-y-container h-column__content h-column__v-align flex-basis-100 align-self-lg-start align-self-md-start align-self-start\"><div class=\"d-block style-284 style-local-97-c27 position-relative h-element\" data-colibri-id=\"97-c27\"><div class=\"h-image__frame-container-outer\"><div class=\"h-image__frame-container\"><p><img decoding=\"async\" width=\"1560\" height=\"1557\" class=\"wp-image-359 style-284-image style-local-97-c27-image\" src=\"https:\/\/laserworks.cl\/wp-content\/uploads\/2025\/02\/cropped-cropped-IMG_20240508_142924-scaled-1.jpg\" srcset=\"https:\/\/laserworks.cl\/wp-content\/uploads\/2025\/02\/cropped-cropped-IMG_20240508_142924-scaled-1.jpg 1560w, https:\/\/laserworks.cl\/wp-content\/uploads\/2025\/02\/cropped-cropped-IMG_20240508_142924-scaled-1-300x300.jpg 300w, https:\/\/laserworks.cl\/wp-content\/uploads\/2025\/02\/cropped-cropped-IMG_20240508_142924-scaled-1-100x100.jpg 100w, https:\/\/laserworks.cl\/wp-content\/uploads\/2025\/02\/cropped-cropped-IMG_20240508_142924-scaled-1-600x599.jpg 600w, https:\/\/laserworks.cl\/wp-content\/uploads\/2025\/02\/cropped-cropped-IMG_20240508_142924-scaled-1-1024x1022.jpg 1024w, https:\/\/laserworks.cl\/wp-content\/uploads\/2025\/02\/cropped-cropped-IMG_20240508_142924-scaled-1-150x150.jpg 150w, https:\/\/laserworks.cl\/wp-content\/uploads\/2025\/02\/cropped-cropped-IMG_20240508_142924-scaled-1-768x767.jpg 768w, https:\/\/laserworks.cl\/wp-content\/uploads\/2025\/02\/cropped-cropped-IMG_20240508_142924-scaled-1-1536x1533.jpg 1536w, https:\/\/laserworks.cl\/wp-content\/uploads\/2025\/02\/cropped-cropped-IMG_20240508_142924-scaled-1-1320x1317.jpg 1320w\" sizes=\"(max-width: 1560px) 100vw, 1560px\" \/><\/p><div class=\"h-image__frame h-hide-lg h-hide-md h-hide-sm style-284-frameImage style-local-97-c27-frameImage\">\u00a0<\/div><\/div><\/div><\/div><\/div><\/div><\/div><div class=\"h-column h-column-container d-flex h-col-lg-auto h-col-md-auto h-col-auto style-278-outer style-local-97-c21-outer\"><div class=\"d-flex h-flex-basis h-column__inner h-px-lg-2 h-px-md-2 h-px-2 v-inner-lg-2 v-inner-md-2 v-inner-2 style-278 style-local-97-c21 position-relative\" data-colibri-id=\"97-c21\"><div class=\"w-100 h-y-container h-column__content h-column__v-align flex-basis-100 align-self-lg-start align-self-md-start align-self-start\"><div class=\"d-block style-282 style-local-97-c25 position-relative h-element\" data-colibri-id=\"97-c25\"><div class=\"h-image__frame-container-outer\"><div class=\"h-image__frame-container\"><p><img loading=\"lazy\" decoding=\"async\" width=\"968\" height=\"965\" class=\"wp-image-372 style-282-image style-local-97-c25-image\" src=\"https:\/\/laserworks.cl\/wp-content\/uploads\/2025\/02\/cropped-cropped-Screenshot_20230317_114608_com.instagram.android_edit_2138913097068.jpg\" srcset=\"https:\/\/laserworks.cl\/wp-content\/uploads\/2025\/02\/cropped-cropped-Screenshot_20230317_114608_com.instagram.android_edit_2138913097068.jpg 968w, https:\/\/laserworks.cl\/wp-content\/uploads\/2025\/02\/cropped-cropped-Screenshot_20230317_114608_com.instagram.android_edit_2138913097068-300x300.jpg 300w, https:\/\/laserworks.cl\/wp-content\/uploads\/2025\/02\/cropped-cropped-Screenshot_20230317_114608_com.instagram.android_edit_2138913097068-100x100.jpg 100w, https:\/\/laserworks.cl\/wp-content\/uploads\/2025\/02\/cropped-cropped-Screenshot_20230317_114608_com.instagram.android_edit_2138913097068-600x598.jpg 600w, https:\/\/laserworks.cl\/wp-content\/uploads\/2025\/02\/cropped-cropped-Screenshot_20230317_114608_com.instagram.android_edit_2138913097068-150x150.jpg 150w, https:\/\/laserworks.cl\/wp-content\/uploads\/2025\/02\/cropped-cropped-Screenshot_20230317_114608_com.instagram.android_edit_2138913097068-768x766.jpg 768w\" sizes=\"(max-width: 968px) 100vw, 968px\" \/><\/p><div class=\"h-image__frame h-hide-lg h-hide-md h-hide-sm style-282-frameImage style-local-97-c25-frameImage\">\u00a0<\/div><\/div><\/div><\/div><\/div><\/div><\/div><div class=\"h-column h-column-container d-flex h-col-lg-auto h-col-md-auto h-col-auto style-279-outer style-local-97-c22-outer\"><div class=\"d-flex h-flex-basis h-column__inner h-px-lg-2 h-px-md-2 h-px-2 v-inner-lg-2 v-inner-md-2 v-inner-2 style-279 style-local-97-c22 position-relative\" data-colibri-id=\"97-c22\"><div class=\"w-100 h-y-container h-column__content h-column__v-align flex-basis-100 align-self-lg-start align-self-md-start align-self-start\"><div class=\"d-block style-283 style-local-97-c26 position-relative h-element\" data-colibri-id=\"97-c26\"><div class=\"h-image__frame-container-outer\"><div class=\"h-image__frame-container\"><p><img loading=\"lazy\" decoding=\"async\" width=\"1455\" height=\"1453\" class=\"wp-image-361 style-283-image style-local-97-c26-image\" src=\"https:\/\/laserworks.cl\/wp-content\/uploads\/2025\/02\/cropped-cropped-IMG_20240705_164914-scaled-1.jpg\" srcset=\"https:\/\/laserworks.cl\/wp-content\/uploads\/2025\/02\/cropped-cropped-IMG_20240705_164914-scaled-1.jpg 1455w, https:\/\/laserworks.cl\/wp-content\/uploads\/2025\/02\/cropped-cropped-IMG_20240705_164914-scaled-1-300x300.jpg 300w, https:\/\/laserworks.cl\/wp-content\/uploads\/2025\/02\/cropped-cropped-IMG_20240705_164914-scaled-1-100x100.jpg 100w, https:\/\/laserworks.cl\/wp-content\/uploads\/2025\/02\/cropped-cropped-IMG_20240705_164914-scaled-1-600x599.jpg 600w, https:\/\/laserworks.cl\/wp-content\/uploads\/2025\/02\/cropped-cropped-IMG_20240705_164914-scaled-1-1024x1024.jpg 1024w, https:\/\/laserworks.cl\/wp-content\/uploads\/2025\/02\/cropped-cropped-IMG_20240705_164914-scaled-1-150x150.jpg 150w, https:\/\/laserworks.cl\/wp-content\/uploads\/2025\/02\/cropped-cropped-IMG_20240705_164914-scaled-1-768x767.jpg 768w, https:\/\/laserworks.cl\/wp-content\/uploads\/2025\/02\/cropped-cropped-IMG_20240705_164914-scaled-1-1320x1318.jpg 1320w\" sizes=\"(max-width: 1455px) 100vw, 1455px\" \/><\/p><div class=\"h-image__frame h-hide-lg h-hide-md h-hide-sm style-283-frameImage style-local-97-c26-frameImage\">\u00a0<\/div><\/div><\/div><\/div><\/div><\/div><\/div><div class=\"h-column h-column-container d-flex h-col-lg-auto h-col-md-auto h-col-auto style-280-outer style-local-97-c23-outer\"><div class=\"d-flex h-flex-basis h-column__inner h-px-lg-2 h-px-md-2 h-px-2 v-inner-lg-2 v-inner-md-2 v-inner-2 style-280 style-local-97-c23 position-relative\" data-colibri-id=\"97-c23\"><div class=\"w-100 h-y-container h-column__content h-column__v-align flex-basis-100 align-self-lg-start align-self-md-start align-self-start\"><div class=\"d-block style-285 style-local-97-c28 position-relative h-element\" data-colibri-id=\"97-c28\"><div class=\"h-image__frame-container-outer\"><div class=\"h-image__frame-container\"><p><img loading=\"lazy\" decoding=\"async\" width=\"1025\" height=\"1023\" class=\"wp-image-362 style-285-image style-local-97-c28-image\" src=\"https:\/\/laserworks.cl\/wp-content\/uploads\/2025\/01\/cropped-Screenshot_20230317_114424_com.instagram.android_edit_2210562063203-1.jpg\" srcset=\"https:\/\/laserworks.cl\/wp-content\/uploads\/2025\/01\/cropped-Screenshot_20230317_114424_com.instagram.android_edit_2210562063203-1.jpg 1025w, https:\/\/laserworks.cl\/wp-content\/uploads\/2025\/01\/cropped-Screenshot_20230317_114424_com.instagram.android_edit_2210562063203-1-300x300.jpg 300w, https:\/\/laserworks.cl\/wp-content\/uploads\/2025\/01\/cropped-Screenshot_20230317_114424_com.instagram.android_edit_2210562063203-1-100x100.jpg 100w, https:\/\/laserworks.cl\/wp-content\/uploads\/2025\/01\/cropped-Screenshot_20230317_114424_com.instagram.android_edit_2210562063203-1-600x599.jpg 600w, https:\/\/laserworks.cl\/wp-content\/uploads\/2025\/01\/cropped-Screenshot_20230317_114424_com.instagram.android_edit_2210562063203-1-150x150.jpg 150w, https:\/\/laserworks.cl\/wp-content\/uploads\/2025\/01\/cropped-Screenshot_20230317_114424_com.instagram.android_edit_2210562063203-1-768x767.jpg 768w\" sizes=\"(max-width: 1025px) 100vw, 1025px\" \/><\/p><div class=\"h-image__frame h-hide-lg h-hide-md h-hide-sm style-285-frameImage style-local-97-c28-frameImage\">\u00a0<\/div><\/div><\/div><\/div><\/div><\/div><\/div><\/div><\/div><\/div><\/div><\/div>\t\t\t\t\t\t\t\t<\/div>\n\t\t\t\t<\/div>\n\t\t\t\t\t<\/div>\n\t\t\t\t<\/div>\n\t\t\t\t<\/div>\n\t\t","protected":false},"excerpt":{"rendered":"<p>Corte L\u00e1ser\u00a0 Somos tu aliado para dar vida a tus ideas con precisi\u00f3n y detalle. transformamos tus dise\u00f1os en realidad utilizando tecnolog\u00eda l\u00e1ser de \u00faltima generaci\u00f3n. Desde prototipos y piezas personalizadas, hasta se\u00f1alizaci\u00f3n y elementos decorativos, cortamos y grabamos una amplia gama de materiales con resultados impecables.Detalles perfectos en cada proyecto. Mecanizado\u00a0 Somos tu socio [&hellip;]<\/p>\n","protected":false},"author":1,"featured_media":0,"parent":0,"menu_order":0,"comment_status":"closed","ping_status":"closed","template":"","meta":{"footnotes":""},"class_list":["post-97","page","type-page","status-publish","hentry"],"blocksy_meta":[],"yoast_head":"<!-- This site is optimized with the Yoast SEO plugin v25.3.1 - https:\/\/yoast.com\/wordpress\/plugins\/seo\/ -->\n<title>Servicios -<\/title>\n<meta name=\"robots\" content=\"index, follow, max-snippet:-1, max-image-preview:large, max-video-preview:-1\" \/>\n<link rel=\"canonical\" href=\"https:\/\/laserworks.cl\/?page_id=97\" \/>\n<meta property=\"og:locale\" content=\"es_ES\" \/>\n<meta property=\"og:type\" content=\"article\" \/>\n<meta property=\"og:title\" content=\"Servicios -\" \/>\n<meta property=\"og:description\" content=\"Corte L\u00e1ser\u00a0 Somos tu aliado para dar vida a tus ideas con precisi\u00f3n y detalle. transformamos tus dise\u00f1os en realidad utilizando tecnolog\u00eda l\u00e1ser de \u00faltima generaci\u00f3n. Desde prototipos y piezas personalizadas, hasta se\u00f1alizaci\u00f3n y elementos decorativos, cortamos y grabamos una amplia gama de materiales con resultados impecables.Detalles perfectos en cada proyecto. Mecanizado\u00a0 Somos tu socio [&hellip;]\" \/>\n<meta property=\"og:url\" content=\"https:\/\/laserworks.cl\/?page_id=97\" \/>\n<meta property=\"article:modified_time\" content=\"2025-03-21T20:51:50+00:00\" \/>\n<meta property=\"og:image\" content=\"https:\/\/laserworks.cl\/wp-content\/uploads\/2025\/02\/cropped-cropped-Screenshot_20231024_190817_com.facebook.katana.jpg\" \/>\n\t<meta property=\"og:image:width\" content=\"808\" \/>\n\t<meta property=\"og:image:height\" content=\"806\" \/>\n\t<meta property=\"og:image:type\" content=\"image\/jpeg\" \/>\n<meta name=\"twitter:card\" content=\"summary_large_image\" \/>\n<meta name=\"twitter:label1\" content=\"Tiempo de lectura\" \/>\n\t<meta name=\"twitter:data1\" content=\"2 minutos\" \/>\n<script type=\"application\/ld+json\" class=\"yoast-schema-graph\">{\"@context\":\"https:\/\/schema.org\",\"@graph\":[{\"@type\":\"WebPage\",\"@id\":\"https:\/\/laserworks.cl\/?page_id=97\",\"url\":\"https:\/\/laserworks.cl\/?page_id=97\",\"name\":\"Servicios -\",\"isPartOf\":{\"@id\":\"https:\/\/laserworks.cl\/#website\"},\"primaryImageOfPage\":{\"@id\":\"https:\/\/laserworks.cl\/?page_id=97#primaryimage\"},\"image\":{\"@id\":\"https:\/\/laserworks.cl\/?page_id=97#primaryimage\"},\"thumbnailUrl\":\"https:\/\/laserworks.cl\/wp-content\/uploads\/2025\/02\/cropped-cropped-Screenshot_20231024_190817_com.facebook.katana.jpg\",\"datePublished\":\"2025-01-30T23:56:24+00:00\",\"dateModified\":\"2025-03-21T20:51:50+00:00\",\"breadcrumb\":{\"@id\":\"https:\/\/laserworks.cl\/?page_id=97#breadcrumb\"},\"inLanguage\":\"es\",\"potentialAction\":[{\"@type\":\"ReadAction\",\"target\":[\"https:\/\/laserworks.cl\/?page_id=97\"]}]},{\"@type\":\"ImageObject\",\"inLanguage\":\"es\",\"@id\":\"https:\/\/laserworks.cl\/?page_id=97#primaryimage\",\"url\":\"https:\/\/laserworks.cl\/wp-content\/uploads\/2025\/02\/cropped-cropped-Screenshot_20231024_190817_com.facebook.katana.jpg\",\"contentUrl\":\"https:\/\/laserworks.cl\/wp-content\/uploads\/2025\/02\/cropped-cropped-Screenshot_20231024_190817_com.facebook.katana.jpg\",\"width\":808,\"height\":806},{\"@type\":\"BreadcrumbList\",\"@id\":\"https:\/\/laserworks.cl\/?page_id=97#breadcrumb\",\"itemListElement\":[{\"@type\":\"ListItem\",\"position\":1,\"name\":\"Portada\",\"item\":\"https:\/\/laserworks.cl\/\"},{\"@type\":\"ListItem\",\"position\":2,\"name\":\"Servicios\"}]},{\"@type\":\"WebSite\",\"@id\":\"https:\/\/laserworks.cl\/#website\",\"url\":\"https:\/\/laserworks.cl\/\",\"name\":\"\",\"description\":\"\",\"potentialAction\":[{\"@type\":\"SearchAction\",\"target\":{\"@type\":\"EntryPoint\",\"urlTemplate\":\"https:\/\/laserworks.cl\/?s={search_term_string}\"},\"query-input\":{\"@type\":\"PropertyValueSpecification\",\"valueRequired\":true,\"valueName\":\"search_term_string\"}}],\"inLanguage\":\"es\"}]}<\/script>\n<!-- \/ Yoast SEO plugin. -->","yoast_head_json":{"title":"Servicios -","robots":{"index":"index","follow":"follow","max-snippet":"max-snippet:-1","max-image-preview":"max-image-preview:large","max-video-preview":"max-video-preview:-1"},"canonical":"https:\/\/laserworks.cl\/?page_id=97","og_locale":"es_ES","og_type":"article","og_title":"Servicios -","og_description":"Corte L\u00e1ser\u00a0 Somos tu aliado para dar vida a tus ideas con precisi\u00f3n y detalle. transformamos tus dise\u00f1os en realidad utilizando tecnolog\u00eda l\u00e1ser de \u00faltima generaci\u00f3n. Desde prototipos y piezas personalizadas, hasta se\u00f1alizaci\u00f3n y elementos decorativos, cortamos y grabamos una amplia gama de materiales con resultados impecables.Detalles perfectos en cada proyecto. Mecanizado\u00a0 Somos tu socio [&hellip;]","og_url":"https:\/\/laserworks.cl\/?page_id=97","article_modified_time":"2025-03-21T20:51:50+00:00","og_image":[{"width":808,"height":806,"url":"https:\/\/laserworks.cl\/wp-content\/uploads\/2025\/02\/cropped-cropped-Screenshot_20231024_190817_com.facebook.katana.jpg","type":"image\/jpeg"}],"twitter_card":"summary_large_image","twitter_misc":{"Tiempo de lectura":"2 minutos"},"schema":{"@context":"https:\/\/schema.org","@graph":[{"@type":"WebPage","@id":"https:\/\/laserworks.cl\/?page_id=97","url":"https:\/\/laserworks.cl\/?page_id=97","name":"Servicios -","isPartOf":{"@id":"https:\/\/laserworks.cl\/#website"},"primaryImageOfPage":{"@id":"https:\/\/laserworks.cl\/?page_id=97#primaryimage"},"image":{"@id":"https:\/\/laserworks.cl\/?page_id=97#primaryimage"},"thumbnailUrl":"https:\/\/laserworks.cl\/wp-content\/uploads\/2025\/02\/cropped-cropped-Screenshot_20231024_190817_com.facebook.katana.jpg","datePublished":"2025-01-30T23:56:24+00:00","dateModified":"2025-03-21T20:51:50+00:00","breadcrumb":{"@id":"https:\/\/laserworks.cl\/?page_id=97#breadcrumb"},"inLanguage":"es","potentialAction":[{"@type":"ReadAction","target":["https:\/\/laserworks.cl\/?page_id=97"]}]},{"@type":"ImageObject","inLanguage":"es","@id":"https:\/\/laserworks.cl\/?page_id=97#primaryimage","url":"https:\/\/laserworks.cl\/wp-content\/uploads\/2025\/02\/cropped-cropped-Screenshot_20231024_190817_com.facebook.katana.jpg","contentUrl":"https:\/\/laserworks.cl\/wp-content\/uploads\/2025\/02\/cropped-cropped-Screenshot_20231024_190817_com.facebook.katana.jpg","width":808,"height":806},{"@type":"BreadcrumbList","@id":"https:\/\/laserworks.cl\/?page_id=97#breadcrumb","itemListElement":[{"@type":"ListItem","position":1,"name":"Portada","item":"https:\/\/laserworks.cl\/"},{"@type":"ListItem","position":2,"name":"Servicios"}]},{"@type":"WebSite","@id":"https:\/\/laserworks.cl\/#website","url":"https:\/\/laserworks.cl\/","name":"","description":"","potentialAction":[{"@type":"SearchAction","target":{"@type":"EntryPoint","urlTemplate":"https:\/\/laserworks.cl\/?s={search_term_string}"},"query-input":{"@type":"PropertyValueSpecification","valueRequired":true,"valueName":"search_term_string"}}],"inLanguage":"es"}]}},"_links":{"self":[{"href":"https:\/\/laserworks.cl\/index.php?rest_route=\/wp\/v2\/pages\/97","targetHints":{"allow":["GET"]}}],"collection":[{"href":"https:\/\/laserworks.cl\/index.php?rest_route=\/wp\/v2\/pages"}],"about":[{"href":"https:\/\/laserworks.cl\/index.php?rest_route=\/wp\/v2\/types\/page"}],"author":[{"embeddable":true,"href":"https:\/\/laserworks.cl\/index.php?rest_route=\/wp\/v2\/users\/1"}],"replies":[{"embeddable":true,"href":"https:\/\/laserworks.cl\/index.php?rest_route=%2Fwp%2Fv2%2Fcomments&post=97"}],"version-history":[{"count":18,"href":"https:\/\/laserworks.cl\/index.php?rest_route=\/wp\/v2\/pages\/97\/revisions"}],"predecessor-version":[{"id":809,"href":"https:\/\/laserworks.cl\/index.php?rest_route=\/wp\/v2\/pages\/97\/revisions\/809"}],"wp:attachment":[{"href":"https:\/\/laserworks.cl\/index.php?rest_route=%2Fwp%2Fv2%2Fmedia&parent=97"}],"curies":[{"name":"wp","href":"https:\/\/api.w.org\/{rel}","templated":true}]}}