{"id":448,"date":"2025-03-07T01:37:06","date_gmt":"2025-03-07T01:37:06","guid":{"rendered":"https:\/\/laserworks.cl\/?post_type=product&#038;p=448"},"modified":"2025-03-28T01:20:06","modified_gmt":"2025-03-28T01:20:06","slug":"stickers-troquelados","status":"publish","type":"product","link":"https:\/\/laserworks.cl\/?product=stickers-troquelados","title":{"rendered":"Stickers Troquelados"},"content":{"rendered":"<p><strong>L\u00e1mina de stickers adhesivos con dise\u00f1o de marca.<\/strong> Esta l\u00e1mina contiene m\u00faltiples stickers circulares con el logo\u00a0 impreso de tu marca . Son ideales para personalizar productos, empaques o para promocionar tu marca de manera creativa y vers\u00e1til. El material adhesivo asegura una fijaci\u00f3n duradera en diversas superficies.<\/p>\n","protected":false},"excerpt":{"rendered":"<p><strong>L\u00e1mina de stickers adhesivos con dise\u00f1o de marca.<\/strong> Esta l\u00e1mina contiene m\u00faltiples stickers circulares con el logo\u00a0 impreso. Son ideales para personalizar productos, empaques o para promocionar tu marca de manera creativa y vers\u00e1til. El material adhesivo asegura una fijaci\u00f3n duradera en diversas superficies.<\/p>\n","protected":false},"featured_media":450,"comment_status":"open","ping_status":"closed","template":"","meta":[],"product_brand":[],"product_cat":[15],"product_tag":[30,24,34,35],"class_list":{"0":"post-448","1":"product","2":"type-product","3":"status-publish","4":"has-post-thumbnail","6":"product_cat-sin-categorizar","7":"product_tag-impresion-digital","8":"product_tag-material-pop-para-publicidad","9":"product_tag-stickers","10":"product_tag-stickers-adhesivos","12":"first","13":"instock","14":"shipping-taxable","15":"purchasable","16":"product-type-simple"},"yoast_head":"<!-- This site is optimized with the Yoast SEO plugin v25.3.1 - https:\/\/yoast.com\/wordpress\/plugins\/seo\/ -->\n<title>Stickers Troquelados -<\/title>\n<meta name=\"robots\" content=\"index, follow, max-snippet:-1, max-image-preview:large, max-video-preview:-1\" \/>\n<link rel=\"canonical\" href=\"https:\/\/laserworks.cl\/?product=stickers-troquelados\" \/>\n<meta property=\"og:locale\" content=\"es_ES\" \/>\n<meta property=\"og:type\" content=\"article\" \/>\n<meta property=\"og:title\" content=\"Stickers Troquelados -\" \/>\n<meta property=\"og:description\" content=\"L\u00e1mina de stickers adhesivos con dise\u00f1o de marca. Esta l\u00e1mina contiene m\u00faltiples stickers circulares con el logo\u00a0 impreso. Son ideales para personalizar productos, empaques o para promocionar tu marca de manera creativa y vers\u00e1til. El material adhesivo asegura una fijaci\u00f3n duradera en diversas superficies.\" \/>\n<meta property=\"og:url\" content=\"https:\/\/laserworks.cl\/?product=stickers-troquelados\" \/>\n<meta property=\"article:modified_time\" content=\"2025-03-28T01:20:06+00:00\" \/>\n<meta property=\"og:image\" content=\"https:\/\/laserworks.cl\/wp-content\/uploads\/2025\/03\/Ofertas-Laserworjs-11-1.jpg\" \/>\n\t<meta property=\"og:image:width\" content=\"1081\" \/>\n\t<meta property=\"og:image:height\" content=\"1081\" \/>\n\t<meta property=\"og:image:type\" content=\"image\/jpeg\" \/>\n<meta name=\"twitter:card\" content=\"summary_large_image\" \/>\n<meta name=\"twitter:label1\" content=\"Tiempo de lectura\" \/>\n\t<meta name=\"twitter:data1\" content=\"1 minuto\" \/>\n<script type=\"application\/ld+json\" class=\"yoast-schema-graph\">{\"@context\":\"https:\/\/schema.org\",\"@graph\":[{\"@type\":\"WebPage\",\"@id\":\"https:\/\/laserworks.cl\/?product=stickers-troquelados\",\"url\":\"https:\/\/laserworks.cl\/?product=stickers-troquelados\",\"name\":\"Stickers Troquelados -\",\"isPartOf\":{\"@id\":\"https:\/\/laserworks.cl\/#website\"},\"primaryImageOfPage\":{\"@id\":\"https:\/\/laserworks.cl\/?product=stickers-troquelados#primaryimage\"},\"image\":{\"@id\":\"https:\/\/laserworks.cl\/?product=stickers-troquelados#primaryimage\"},\"thumbnailUrl\":\"https:\/\/laserworks.cl\/wp-content\/uploads\/2025\/03\/Ofertas-Laserworjs-11-1.jpg\",\"datePublished\":\"2025-03-07T01:37:06+00:00\",\"dateModified\":\"2025-03-28T01:20:06+00:00\",\"breadcrumb\":{\"@id\":\"https:\/\/laserworks.cl\/?product=stickers-troquelados#breadcrumb\"},\"inLanguage\":\"es\",\"potentialAction\":[{\"@type\":\"ReadAction\",\"target\":[\"https:\/\/laserworks.cl\/?product=stickers-troquelados\"]}]},{\"@type\":\"ImageObject\",\"inLanguage\":\"es\",\"@id\":\"https:\/\/laserworks.cl\/?product=stickers-troquelados#primaryimage\",\"url\":\"https:\/\/laserworks.cl\/wp-content\/uploads\/2025\/03\/Ofertas-Laserworjs-11-1.jpg\",\"contentUrl\":\"https:\/\/laserworks.cl\/wp-content\/uploads\/2025\/03\/Ofertas-Laserworjs-11-1.jpg\",\"width\":1081,\"height\":1081},{\"@type\":\"BreadcrumbList\",\"@id\":\"https:\/\/laserworks.cl\/?product=stickers-troquelados#breadcrumb\",\"itemListElement\":[{\"@type\":\"ListItem\",\"position\":1,\"name\":\"Portada\",\"item\":\"https:\/\/laserworks.cl\/\"},{\"@type\":\"ListItem\",\"position\":2,\"name\":\"Tienda\",\"item\":\"https:\/\/laserworks.cl\/?page_id=6\"},{\"@type\":\"ListItem\",\"position\":3,\"name\":\"Stickers Troquelados\"}]},{\"@type\":\"WebSite\",\"@id\":\"https:\/\/laserworks.cl\/#website\",\"url\":\"https:\/\/laserworks.cl\/\",\"name\":\"\",\"description\":\"\",\"potentialAction\":[{\"@type\":\"SearchAction\",\"target\":{\"@type\":\"EntryPoint\",\"urlTemplate\":\"https:\/\/laserworks.cl\/?s={search_term_string}\"},\"query-input\":{\"@type\":\"PropertyValueSpecification\",\"valueRequired\":true,\"valueName\":\"search_term_string\"}}],\"inLanguage\":\"es\"}]}<\/script>\n<!-- \/ Yoast SEO plugin. -->","yoast_head_json":{"title":"Stickers Troquelados -","robots":{"index":"index","follow":"follow","max-snippet":"max-snippet:-1","max-image-preview":"max-image-preview:large","max-video-preview":"max-video-preview:-1"},"canonical":"https:\/\/laserworks.cl\/?product=stickers-troquelados","og_locale":"es_ES","og_type":"article","og_title":"Stickers Troquelados -","og_description":"L\u00e1mina de stickers adhesivos con dise\u00f1o de marca. Esta l\u00e1mina contiene m\u00faltiples stickers circulares con el logo\u00a0 impreso. Son ideales para personalizar productos, empaques o para promocionar tu marca de manera creativa y vers\u00e1til. El material adhesivo asegura una fijaci\u00f3n duradera en diversas superficies.","og_url":"https:\/\/laserworks.cl\/?product=stickers-troquelados","article_modified_time":"2025-03-28T01:20:06+00:00","og_image":[{"width":1081,"height":1081,"url":"https:\/\/laserworks.cl\/wp-content\/uploads\/2025\/03\/Ofertas-Laserworjs-11-1.jpg","type":"image\/jpeg"}],"twitter_card":"summary_large_image","twitter_misc":{"Tiempo de lectura":"1 minuto"},"schema":{"@context":"https:\/\/schema.org","@graph":[{"@type":"WebPage","@id":"https:\/\/laserworks.cl\/?product=stickers-troquelados","url":"https:\/\/laserworks.cl\/?product=stickers-troquelados","name":"Stickers Troquelados -","isPartOf":{"@id":"https:\/\/laserworks.cl\/#website"},"primaryImageOfPage":{"@id":"https:\/\/laserworks.cl\/?product=stickers-troquelados#primaryimage"},"image":{"@id":"https:\/\/laserworks.cl\/?product=stickers-troquelados#primaryimage"},"thumbnailUrl":"https:\/\/laserworks.cl\/wp-content\/uploads\/2025\/03\/Ofertas-Laserworjs-11-1.jpg","datePublished":"2025-03-07T01:37:06+00:00","dateModified":"2025-03-28T01:20:06+00:00","breadcrumb":{"@id":"https:\/\/laserworks.cl\/?product=stickers-troquelados#breadcrumb"},"inLanguage":"es","potentialAction":[{"@type":"ReadAction","target":["https:\/\/laserworks.cl\/?product=stickers-troquelados"]}]},{"@type":"ImageObject","inLanguage":"es","@id":"https:\/\/laserworks.cl\/?product=stickers-troquelados#primaryimage","url":"https:\/\/laserworks.cl\/wp-content\/uploads\/2025\/03\/Ofertas-Laserworjs-11-1.jpg","contentUrl":"https:\/\/laserworks.cl\/wp-content\/uploads\/2025\/03\/Ofertas-Laserworjs-11-1.jpg","width":1081,"height":1081},{"@type":"BreadcrumbList","@id":"https:\/\/laserworks.cl\/?product=stickers-troquelados#breadcrumb","itemListElement":[{"@type":"ListItem","position":1,"name":"Portada","item":"https:\/\/laserworks.cl\/"},{"@type":"ListItem","position":2,"name":"Tienda","item":"https:\/\/laserworks.cl\/?page_id=6"},{"@type":"ListItem","position":3,"name":"Stickers Troquelados"}]},{"@type":"WebSite","@id":"https:\/\/laserworks.cl\/#website","url":"https:\/\/laserworks.cl\/","name":"","description":"","potentialAction":[{"@type":"SearchAction","target":{"@type":"EntryPoint","urlTemplate":"https:\/\/laserworks.cl\/?s={search_term_string}"},"query-input":{"@type":"PropertyValueSpecification","valueRequired":true,"valueName":"search_term_string"}}],"inLanguage":"es"}]}},"_links":{"self":[{"href":"https:\/\/laserworks.cl\/index.php?rest_route=\/wp\/v2\/product\/448","targetHints":{"allow":["GET"]}}],"collection":[{"href":"https:\/\/laserworks.cl\/index.php?rest_route=\/wp\/v2\/product"}],"about":[{"href":"https:\/\/laserworks.cl\/index.php?rest_route=\/wp\/v2\/types\/product"}],"replies":[{"embeddable":true,"href":"https:\/\/laserworks.cl\/index.php?rest_route=%2Fwp%2Fv2%2Fcomments&post=448"}],"wp:featuredmedia":[{"embeddable":true,"href":"https:\/\/laserworks.cl\/index.php?rest_route=\/wp\/v2\/media\/450"}],"wp:attachment":[{"href":"https:\/\/laserworks.cl\/index.php?rest_route=%2Fwp%2Fv2%2Fmedia&parent=448"}],"wp:term":[{"taxonomy":"product_brand","embeddable":true,"href":"https:\/\/laserworks.cl\/index.php?rest_route=%2Fwp%2Fv2%2Fproduct_brand&post=448"},{"taxonomy":"product_cat","embeddable":true,"href":"https:\/\/laserworks.cl\/index.php?rest_route=%2Fwp%2Fv2%2Fproduct_cat&post=448"},{"taxonomy":"product_tag","embeddable":true,"href":"https:\/\/laserworks.cl\/index.php?rest_route=%2Fwp%2Fv2%2Fproduct_tag&post=448"}],"curies":[{"name":"wp","href":"https:\/\/api.w.org\/{rel}","templated":true}]}}