{"id":454,"date":"2025-03-07T01:43:32","date_gmt":"2025-03-07T01:43:32","guid":{"rendered":"https:\/\/laserworks.cl\/?post_type=product&#038;p=454"},"modified":"2025-03-28T01:30:15","modified_gmt":"2025-03-28T01:30:15","slug":"tazon-magico-450-cc","status":"publish","type":"product","link":"https:\/\/laserworks.cl\/?product=tazon-magico-450-cc","title":{"rendered":"Taz\u00f3n M\u00e1gico 450 cc."},"content":{"rendered":"<p><strong>Taza M\u00e1gica Personalizada.<\/strong> Esta taza de cer\u00e1mica de alta calidad cambia de color al contacto con l\u00edquidos calientes, revelando una imagen personalizada. Ideal para regalos \u00fanicos o para disfrutar de tu bebida favorita con un toque especial. Puedes personalizarla con fotos, dise\u00f1os o mensajes, haciendo de cada sorbo una experiencia m\u00e1gica.<\/p>\n","protected":false},"excerpt":{"rendered":"<p>Taza M\u00e1gica Personalizada. Esta taza de cer\u00e1mica de alta calidad cambia de color al contacto con l\u00edquidos calientes, revelando una imagen personalizada. Ideal para regalos \u00fanicos o para disfrutar de tu bebida favorita con un toque especial. Puedes personalizarla con fotos, dise\u00f1os o mensajes, haciendo de cada sorbo una experiencia m\u00e1gica.<\/p>\n","protected":false},"featured_media":455,"comment_status":"open","ping_status":"closed","template":"","meta":[],"product_brand":[],"product_cat":[15],"product_tag":[26,25,27],"class_list":{"0":"post-454","1":"product","2":"type-product","3":"status-publish","4":"has-post-thumbnail","6":"product_cat-sin-categorizar","7":"product_tag-regalos-corporativos","8":"product_tag-sublimacion","9":"product_tag-tazones","11":"first","12":"instock","13":"shipping-taxable","14":"purchasable","15":"product-type-simple"},"yoast_head":"<!-- This site is optimized with the Yoast SEO plugin v25.3.1 - https:\/\/yoast.com\/wordpress\/plugins\/seo\/ -->\n<title>Taz\u00f3n M\u00e1gico 450 cc. - %<\/title>\n<meta name=\"robots\" content=\"index, follow, max-snippet:-1, max-image-preview:large, max-video-preview:-1\" \/>\n<link rel=\"canonical\" href=\"https:\/\/laserworks.cl\/?product=tazon-magico-450-cc\" \/>\n<meta property=\"og:locale\" content=\"es_ES\" \/>\n<meta property=\"og:type\" content=\"article\" \/>\n<meta property=\"og:title\" content=\"Taz\u00f3n M\u00e1gico 450 cc. - %\" \/>\n<meta property=\"og:description\" content=\"Taza M\u00e1gica Personalizada. Esta taza de cer\u00e1mica de alta calidad cambia de color al contacto con l\u00edquidos calientes, revelando una imagen personalizada. Ideal para regalos \u00fanicos o para disfrutar de tu bebida favorita con un toque especial. Puedes personalizarla con fotos, dise\u00f1os o mensajes, haciendo de cada sorbo una experiencia m\u00e1gica.\" \/>\n<meta property=\"og:url\" content=\"https:\/\/laserworks.cl\/?product=tazon-magico-450-cc\" \/>\n<meta property=\"article:modified_time\" content=\"2025-03-28T01:30:15+00:00\" \/>\n<meta property=\"og:image\" content=\"https:\/\/laserworks.cl\/wp-content\/uploads\/2025\/03\/Ofertas-Laserworjs-23.jpg\" \/>\n\t<meta property=\"og:image:width\" content=\"1081\" \/>\n\t<meta property=\"og:image:height\" content=\"1081\" \/>\n\t<meta property=\"og:image:type\" content=\"image\/jpeg\" \/>\n<meta name=\"twitter:card\" content=\"summary_large_image\" \/>\n<meta name=\"twitter:label1\" content=\"Tiempo de lectura\" \/>\n\t<meta name=\"twitter:data1\" content=\"1 minuto\" \/>\n<script type=\"application\/ld+json\" class=\"yoast-schema-graph\">{\"@context\":\"https:\/\/schema.org\",\"@graph\":[{\"@type\":\"WebPage\",\"@id\":\"https:\/\/laserworks.cl\/?product=tazon-magico-450-cc\",\"url\":\"https:\/\/laserworks.cl\/?product=tazon-magico-450-cc\",\"name\":\"Taz\u00f3n M\u00e1gico 450 cc. - %\",\"isPartOf\":{\"@id\":\"https:\/\/laserworks.cl\/#website\"},\"primaryImageOfPage\":{\"@id\":\"https:\/\/laserworks.cl\/?product=tazon-magico-450-cc#primaryimage\"},\"image\":{\"@id\":\"https:\/\/laserworks.cl\/?product=tazon-magico-450-cc#primaryimage\"},\"thumbnailUrl\":\"https:\/\/laserworks.cl\/wp-content\/uploads\/2025\/03\/Ofertas-Laserworjs-23.jpg\",\"datePublished\":\"2025-03-07T01:43:32+00:00\",\"dateModified\":\"2025-03-28T01:30:15+00:00\",\"breadcrumb\":{\"@id\":\"https:\/\/laserworks.cl\/?product=tazon-magico-450-cc#breadcrumb\"},\"inLanguage\":\"es\",\"potentialAction\":[{\"@type\":\"ReadAction\",\"target\":[\"https:\/\/laserworks.cl\/?product=tazon-magico-450-cc\"]}]},{\"@type\":\"ImageObject\",\"inLanguage\":\"es\",\"@id\":\"https:\/\/laserworks.cl\/?product=tazon-magico-450-cc#primaryimage\",\"url\":\"https:\/\/laserworks.cl\/wp-content\/uploads\/2025\/03\/Ofertas-Laserworjs-23.jpg\",\"contentUrl\":\"https:\/\/laserworks.cl\/wp-content\/uploads\/2025\/03\/Ofertas-Laserworjs-23.jpg\",\"width\":1081,\"height\":1081},{\"@type\":\"BreadcrumbList\",\"@id\":\"https:\/\/laserworks.cl\/?product=tazon-magico-450-cc#breadcrumb\",\"itemListElement\":[{\"@type\":\"ListItem\",\"position\":1,\"name\":\"Portada\",\"item\":\"https:\/\/laserworks.cl\/\"},{\"@type\":\"ListItem\",\"position\":2,\"name\":\"Tienda\",\"item\":\"https:\/\/laserworks.cl\/?page_id=6\"},{\"@type\":\"ListItem\",\"position\":3,\"name\":\"Taz\u00f3n M\u00e1gico 450 cc.\"}]},{\"@type\":\"WebSite\",\"@id\":\"https:\/\/laserworks.cl\/#website\",\"url\":\"https:\/\/laserworks.cl\/\",\"name\":\"\",\"description\":\"\",\"potentialAction\":[{\"@type\":\"SearchAction\",\"target\":{\"@type\":\"EntryPoint\",\"urlTemplate\":\"https:\/\/laserworks.cl\/?s={search_term_string}\"},\"query-input\":{\"@type\":\"PropertyValueSpecification\",\"valueRequired\":true,\"valueName\":\"search_term_string\"}}],\"inLanguage\":\"es\"}]}<\/script>\n<!-- \/ Yoast SEO plugin. -->","yoast_head_json":{"title":"Taz\u00f3n M\u00e1gico 450 cc. - %","robots":{"index":"index","follow":"follow","max-snippet":"max-snippet:-1","max-image-preview":"max-image-preview:large","max-video-preview":"max-video-preview:-1"},"canonical":"https:\/\/laserworks.cl\/?product=tazon-magico-450-cc","og_locale":"es_ES","og_type":"article","og_title":"Taz\u00f3n M\u00e1gico 450 cc. - %","og_description":"Taza M\u00e1gica Personalizada. Esta taza de cer\u00e1mica de alta calidad cambia de color al contacto con l\u00edquidos calientes, revelando una imagen personalizada. Ideal para regalos \u00fanicos o para disfrutar de tu bebida favorita con un toque especial. Puedes personalizarla con fotos, dise\u00f1os o mensajes, haciendo de cada sorbo una experiencia m\u00e1gica.","og_url":"https:\/\/laserworks.cl\/?product=tazon-magico-450-cc","article_modified_time":"2025-03-28T01:30:15+00:00","og_image":[{"width":1081,"height":1081,"url":"https:\/\/laserworks.cl\/wp-content\/uploads\/2025\/03\/Ofertas-Laserworjs-23.jpg","type":"image\/jpeg"}],"twitter_card":"summary_large_image","twitter_misc":{"Tiempo de lectura":"1 minuto"},"schema":{"@context":"https:\/\/schema.org","@graph":[{"@type":"WebPage","@id":"https:\/\/laserworks.cl\/?product=tazon-magico-450-cc","url":"https:\/\/laserworks.cl\/?product=tazon-magico-450-cc","name":"Taz\u00f3n M\u00e1gico 450 cc. - %","isPartOf":{"@id":"https:\/\/laserworks.cl\/#website"},"primaryImageOfPage":{"@id":"https:\/\/laserworks.cl\/?product=tazon-magico-450-cc#primaryimage"},"image":{"@id":"https:\/\/laserworks.cl\/?product=tazon-magico-450-cc#primaryimage"},"thumbnailUrl":"https:\/\/laserworks.cl\/wp-content\/uploads\/2025\/03\/Ofertas-Laserworjs-23.jpg","datePublished":"2025-03-07T01:43:32+00:00","dateModified":"2025-03-28T01:30:15+00:00","breadcrumb":{"@id":"https:\/\/laserworks.cl\/?product=tazon-magico-450-cc#breadcrumb"},"inLanguage":"es","potentialAction":[{"@type":"ReadAction","target":["https:\/\/laserworks.cl\/?product=tazon-magico-450-cc"]}]},{"@type":"ImageObject","inLanguage":"es","@id":"https:\/\/laserworks.cl\/?product=tazon-magico-450-cc#primaryimage","url":"https:\/\/laserworks.cl\/wp-content\/uploads\/2025\/03\/Ofertas-Laserworjs-23.jpg","contentUrl":"https:\/\/laserworks.cl\/wp-content\/uploads\/2025\/03\/Ofertas-Laserworjs-23.jpg","width":1081,"height":1081},{"@type":"BreadcrumbList","@id":"https:\/\/laserworks.cl\/?product=tazon-magico-450-cc#breadcrumb","itemListElement":[{"@type":"ListItem","position":1,"name":"Portada","item":"https:\/\/laserworks.cl\/"},{"@type":"ListItem","position":2,"name":"Tienda","item":"https:\/\/laserworks.cl\/?page_id=6"},{"@type":"ListItem","position":3,"name":"Taz\u00f3n M\u00e1gico 450 cc."}]},{"@type":"WebSite","@id":"https:\/\/laserworks.cl\/#website","url":"https:\/\/laserworks.cl\/","name":"","description":"","potentialAction":[{"@type":"SearchAction","target":{"@type":"EntryPoint","urlTemplate":"https:\/\/laserworks.cl\/?s={search_term_string}"},"query-input":{"@type":"PropertyValueSpecification","valueRequired":true,"valueName":"search_term_string"}}],"inLanguage":"es"}]}},"_links":{"self":[{"href":"https:\/\/laserworks.cl\/index.php?rest_route=\/wp\/v2\/product\/454","targetHints":{"allow":["GET"]}}],"collection":[{"href":"https:\/\/laserworks.cl\/index.php?rest_route=\/wp\/v2\/product"}],"about":[{"href":"https:\/\/laserworks.cl\/index.php?rest_route=\/wp\/v2\/types\/product"}],"replies":[{"embeddable":true,"href":"https:\/\/laserworks.cl\/index.php?rest_route=%2Fwp%2Fv2%2Fcomments&post=454"}],"wp:featuredmedia":[{"embeddable":true,"href":"https:\/\/laserworks.cl\/index.php?rest_route=\/wp\/v2\/media\/455"}],"wp:attachment":[{"href":"https:\/\/laserworks.cl\/index.php?rest_route=%2Fwp%2Fv2%2Fmedia&parent=454"}],"wp:term":[{"taxonomy":"product_brand","embeddable":true,"href":"https:\/\/laserworks.cl\/index.php?rest_route=%2Fwp%2Fv2%2Fproduct_brand&post=454"},{"taxonomy":"product_cat","embeddable":true,"href":"https:\/\/laserworks.cl\/index.php?rest_route=%2Fwp%2Fv2%2Fproduct_cat&post=454"},{"taxonomy":"product_tag","embeddable":true,"href":"https:\/\/laserworks.cl\/index.php?rest_route=%2Fwp%2Fv2%2Fproduct_tag&post=454"}],"curies":[{"name":"wp","href":"https:\/\/api.w.org\/{rel}","templated":true}]}}