{"id":494,"date":"2025-03-07T19:20:19","date_gmt":"2025-03-07T19:20:19","guid":{"rendered":"https:\/\/laserworks.cl\/?post_type=product&#038;p=494"},"modified":"2025-04-08T19:26:16","modified_gmt":"2025-04-08T19:26:16","slug":"caja-vino-madera-personalizada-2","status":"publish","type":"product","link":"https:\/\/laserworks.cl\/?product=caja-vino-madera-personalizada-2","title":{"rendered":"Soporte Exhibidor para botella de vino"},"content":{"rendered":"<ul>\n<li data-sourcepos=\"5:1-5:55\"><strong>Producto:<\/strong> Soporte de MDF para botella de vino.<\/li>\n<li data-sourcepos=\"6:1-6:24\"><strong>Marca:<\/strong> Laserworks.<\/li>\n<li data-sourcepos=\"7:1-7:99\"><strong>Material:<\/strong> MDF\u00a0 5.5 mm<\/li>\n<li data-sourcepos=\"8:1-8:167\"><strong>Dise\u00f1o:<\/strong> Soporte plano con una forma contorneada para alojar una botella de vino. Incluye asa en parte\u00a0 superior para facilitar el transporte.<\/li>\n<li data-sourcepos=\"9:1-12:109\"><strong>Caracter\u00edsticas:<\/strong>\n<ul data-sourcepos=\"10:5-12:109\">\n<li data-sourcepos=\"10:5-10:103\">Recortes para sostener el cuello y la base de la botella, asegurando que se mantenga en su lugar.<\/li>\n<li data-sourcepos=\"10:5-10:103\">F\u00e1cil armado\n<p data-sourcepos=\"23:1-23:18\"><strong>Usos:<\/strong><\/p>\n<ul data-sourcepos=\"25:1-28:0\">\n<li data-sourcepos=\"25:1-25:31\">Regalo para amantes del vino.<\/li>\n<li data-sourcepos=\"26:1-26:62\">Presentaci\u00f3n de botellas de vino en eventos o degustaciones.<\/li>\n<li data-sourcepos=\"27:1-28:0\">Almacenamiento y transporte seguro de botellas de vino.<\/li>\n<li data-sourcepos=\"27:1-28:0\">Ideal para transportar y presentar botellas de vino de forma segura y elegante.<\/li>\n<\/ul>\n<\/li>\n<\/ul>\n<\/li>\n<\/ul>\n","protected":false},"excerpt":{"rendered":"<p>\u00bfBuscas una forma elegante y pr\u00e1ctica de llevar tu vino? Este porta botella\u00a0 combina un dise\u00f1o minimalista con la calidez natural, facilitando el transporte y a\u00f1adiendo un toque de distinci\u00f3n a tu regalo o presentaci\u00f3n. Simple, funcional y con un encanto artesanal.<\/p>\n[njwa_button id=\"588\"]\n","protected":false},"featured_media":495,"comment_status":"open","ping_status":"closed","template":"","meta":[],"product_brand":[],"product_cat":[53],"product_tag":[46,50,26,55],"class_list":{"0":"post-494","1":"product","2":"type-product","3":"status-publish","4":"has-post-thumbnail","6":"product_cat-gourmet-sommelier","7":"product_tag-caja-de-vino","8":"product_tag-corte-laser","9":"product_tag-regalos-corporativos","10":"product_tag-vinotecas","12":"first","13":"instock","14":"shipping-taxable","15":"purchasable","16":"product-type-simple"},"yoast_head":"<!-- This site is optimized with the Yoast SEO plugin v25.3.1 - https:\/\/yoast.com\/wordpress\/plugins\/seo\/ -->\n<title>Soporte Exhibidor para botella de vino -<\/title>\n<meta name=\"description\" content=\"Estuche de madera vertical para una botella de vino con asa resistente. Transporta y presenta tu vino con estilo y seguridad.\" \/>\n<meta name=\"robots\" content=\"index, follow, max-snippet:-1, max-image-preview:large, max-video-preview:-1\" \/>\n<link rel=\"canonical\" href=\"https:\/\/laserworks.cl\/?product=caja-vino-madera-personalizada-2\" \/>\n<meta property=\"og:locale\" content=\"es_ES\" \/>\n<meta property=\"og:type\" content=\"article\" \/>\n<meta property=\"og:title\" content=\"Soporte Exhibidor para botella de vino -\" \/>\n<meta property=\"og:description\" content=\"Estuche de madera vertical para una botella de vino con asa resistente. Transporta y presenta tu vino con estilo y seguridad.\" \/>\n<meta property=\"og:url\" content=\"https:\/\/laserworks.cl\/?product=caja-vino-madera-personalizada-2\" \/>\n<meta property=\"article:modified_time\" content=\"2025-04-08T19:26:16+00:00\" \/>\n<meta property=\"og:image\" content=\"https:\/\/laserworks.cl\/wp-content\/uploads\/2025\/03\/Productos-para-pagina-08-scaled.jpg\" \/>\n\t<meta property=\"og:image:width\" content=\"2560\" \/>\n\t<meta property=\"og:image:height\" content=\"2560\" \/>\n\t<meta property=\"og:image:type\" content=\"image\/jpeg\" \/>\n<meta name=\"twitter:card\" content=\"summary_large_image\" \/>\n<meta name=\"twitter:label1\" content=\"Tiempo de lectura\" \/>\n\t<meta name=\"twitter:data1\" content=\"1 minuto\" \/>\n<script type=\"application\/ld+json\" class=\"yoast-schema-graph\">{\"@context\":\"https:\/\/schema.org\",\"@graph\":[{\"@type\":\"WebPage\",\"@id\":\"https:\/\/laserworks.cl\/?product=caja-vino-madera-personalizada-2\",\"url\":\"https:\/\/laserworks.cl\/?product=caja-vino-madera-personalizada-2\",\"name\":\"Soporte Exhibidor para botella de vino -\",\"isPartOf\":{\"@id\":\"https:\/\/laserworks.cl\/#website\"},\"primaryImageOfPage\":{\"@id\":\"https:\/\/laserworks.cl\/?product=caja-vino-madera-personalizada-2#primaryimage\"},\"image\":{\"@id\":\"https:\/\/laserworks.cl\/?product=caja-vino-madera-personalizada-2#primaryimage\"},\"thumbnailUrl\":\"https:\/\/laserworks.cl\/wp-content\/uploads\/2025\/03\/Productos-para-pagina-08-scaled.jpg\",\"datePublished\":\"2025-03-07T19:20:19+00:00\",\"dateModified\":\"2025-04-08T19:26:16+00:00\",\"description\":\"Estuche de madera vertical para una botella de vino con asa resistente. Transporta y presenta tu vino con estilo y seguridad.\",\"breadcrumb\":{\"@id\":\"https:\/\/laserworks.cl\/?product=caja-vino-madera-personalizada-2#breadcrumb\"},\"inLanguage\":\"es\",\"potentialAction\":[{\"@type\":\"ReadAction\",\"target\":[\"https:\/\/laserworks.cl\/?product=caja-vino-madera-personalizada-2\"]}]},{\"@type\":\"ImageObject\",\"inLanguage\":\"es\",\"@id\":\"https:\/\/laserworks.cl\/?product=caja-vino-madera-personalizada-2#primaryimage\",\"url\":\"https:\/\/laserworks.cl\/wp-content\/uploads\/2025\/03\/Productos-para-pagina-08-scaled.jpg\",\"contentUrl\":\"https:\/\/laserworks.cl\/wp-content\/uploads\/2025\/03\/Productos-para-pagina-08-scaled.jpg\",\"width\":2560,\"height\":2560},{\"@type\":\"BreadcrumbList\",\"@id\":\"https:\/\/laserworks.cl\/?product=caja-vino-madera-personalizada-2#breadcrumb\",\"itemListElement\":[{\"@type\":\"ListItem\",\"position\":1,\"name\":\"Portada\",\"item\":\"https:\/\/laserworks.cl\/\"},{\"@type\":\"ListItem\",\"position\":2,\"name\":\"Tienda\",\"item\":\"https:\/\/laserworks.cl\/?page_id=6\"},{\"@type\":\"ListItem\",\"position\":3,\"name\":\"Soporte Exhibidor para botella de vino\"}]},{\"@type\":\"WebSite\",\"@id\":\"https:\/\/laserworks.cl\/#website\",\"url\":\"https:\/\/laserworks.cl\/\",\"name\":\"\",\"description\":\"\",\"potentialAction\":[{\"@type\":\"SearchAction\",\"target\":{\"@type\":\"EntryPoint\",\"urlTemplate\":\"https:\/\/laserworks.cl\/?s={search_term_string}\"},\"query-input\":{\"@type\":\"PropertyValueSpecification\",\"valueRequired\":true,\"valueName\":\"search_term_string\"}}],\"inLanguage\":\"es\"}]}<\/script>\n<!-- \/ Yoast SEO plugin. -->","yoast_head_json":{"title":"Soporte Exhibidor para botella de vino -","description":"Estuche de madera vertical para una botella de vino con asa resistente. Transporta y presenta tu vino con estilo y seguridad.","robots":{"index":"index","follow":"follow","max-snippet":"max-snippet:-1","max-image-preview":"max-image-preview:large","max-video-preview":"max-video-preview:-1"},"canonical":"https:\/\/laserworks.cl\/?product=caja-vino-madera-personalizada-2","og_locale":"es_ES","og_type":"article","og_title":"Soporte Exhibidor para botella de vino -","og_description":"Estuche de madera vertical para una botella de vino con asa resistente. Transporta y presenta tu vino con estilo y seguridad.","og_url":"https:\/\/laserworks.cl\/?product=caja-vino-madera-personalizada-2","article_modified_time":"2025-04-08T19:26:16+00:00","og_image":[{"width":2560,"height":2560,"url":"https:\/\/laserworks.cl\/wp-content\/uploads\/2025\/03\/Productos-para-pagina-08-scaled.jpg","type":"image\/jpeg"}],"twitter_card":"summary_large_image","twitter_misc":{"Tiempo de lectura":"1 minuto"},"schema":{"@context":"https:\/\/schema.org","@graph":[{"@type":"WebPage","@id":"https:\/\/laserworks.cl\/?product=caja-vino-madera-personalizada-2","url":"https:\/\/laserworks.cl\/?product=caja-vino-madera-personalizada-2","name":"Soporte Exhibidor para botella de vino -","isPartOf":{"@id":"https:\/\/laserworks.cl\/#website"},"primaryImageOfPage":{"@id":"https:\/\/laserworks.cl\/?product=caja-vino-madera-personalizada-2#primaryimage"},"image":{"@id":"https:\/\/laserworks.cl\/?product=caja-vino-madera-personalizada-2#primaryimage"},"thumbnailUrl":"https:\/\/laserworks.cl\/wp-content\/uploads\/2025\/03\/Productos-para-pagina-08-scaled.jpg","datePublished":"2025-03-07T19:20:19+00:00","dateModified":"2025-04-08T19:26:16+00:00","description":"Estuche de madera vertical para una botella de vino con asa resistente. Transporta y presenta tu vino con estilo y seguridad.","breadcrumb":{"@id":"https:\/\/laserworks.cl\/?product=caja-vino-madera-personalizada-2#breadcrumb"},"inLanguage":"es","potentialAction":[{"@type":"ReadAction","target":["https:\/\/laserworks.cl\/?product=caja-vino-madera-personalizada-2"]}]},{"@type":"ImageObject","inLanguage":"es","@id":"https:\/\/laserworks.cl\/?product=caja-vino-madera-personalizada-2#primaryimage","url":"https:\/\/laserworks.cl\/wp-content\/uploads\/2025\/03\/Productos-para-pagina-08-scaled.jpg","contentUrl":"https:\/\/laserworks.cl\/wp-content\/uploads\/2025\/03\/Productos-para-pagina-08-scaled.jpg","width":2560,"height":2560},{"@type":"BreadcrumbList","@id":"https:\/\/laserworks.cl\/?product=caja-vino-madera-personalizada-2#breadcrumb","itemListElement":[{"@type":"ListItem","position":1,"name":"Portada","item":"https:\/\/laserworks.cl\/"},{"@type":"ListItem","position":2,"name":"Tienda","item":"https:\/\/laserworks.cl\/?page_id=6"},{"@type":"ListItem","position":3,"name":"Soporte Exhibidor para botella de vino"}]},{"@type":"WebSite","@id":"https:\/\/laserworks.cl\/#website","url":"https:\/\/laserworks.cl\/","name":"","description":"","potentialAction":[{"@type":"SearchAction","target":{"@type":"EntryPoint","urlTemplate":"https:\/\/laserworks.cl\/?s={search_term_string}"},"query-input":{"@type":"PropertyValueSpecification","valueRequired":true,"valueName":"search_term_string"}}],"inLanguage":"es"}]}},"_links":{"self":[{"href":"https:\/\/laserworks.cl\/index.php?rest_route=\/wp\/v2\/product\/494","targetHints":{"allow":["GET"]}}],"collection":[{"href":"https:\/\/laserworks.cl\/index.php?rest_route=\/wp\/v2\/product"}],"about":[{"href":"https:\/\/laserworks.cl\/index.php?rest_route=\/wp\/v2\/types\/product"}],"replies":[{"embeddable":true,"href":"https:\/\/laserworks.cl\/index.php?rest_route=%2Fwp%2Fv2%2Fcomments&post=494"}],"wp:featuredmedia":[{"embeddable":true,"href":"https:\/\/laserworks.cl\/index.php?rest_route=\/wp\/v2\/media\/495"}],"wp:attachment":[{"href":"https:\/\/laserworks.cl\/index.php?rest_route=%2Fwp%2Fv2%2Fmedia&parent=494"}],"wp:term":[{"taxonomy":"product_brand","embeddable":true,"href":"https:\/\/laserworks.cl\/index.php?rest_route=%2Fwp%2Fv2%2Fproduct_brand&post=494"},{"taxonomy":"product_cat","embeddable":true,"href":"https:\/\/laserworks.cl\/index.php?rest_route=%2Fwp%2Fv2%2Fproduct_cat&post=494"},{"taxonomy":"product_tag","embeddable":true,"href":"https:\/\/laserworks.cl\/index.php?rest_route=%2Fwp%2Fv2%2Fproduct_tag&post=494"}],"curies":[{"name":"wp","href":"https:\/\/api.w.org\/{rel}","templated":true}]}}