{"id":498,"date":"2025-03-07T19:32:32","date_gmt":"2025-03-07T19:32:32","guid":{"rendered":"https:\/\/laserworks.cl\/?post_type=product&#038;p=498"},"modified":"2025-04-08T17:17:28","modified_gmt":"2025-04-08T17:17:28","slug":"soporte-para-telefono-celular","status":"publish","type":"product","link":"https:\/\/laserworks.cl\/?product=soporte-para-telefono-celular","title":{"rendered":"Soporte para Celular"},"content":{"rendered":"<p data-sourcepos=\"3:1-3:29\"><strong>Descripci\u00f3n del Producto:<\/strong><\/p>\n<ul data-sourcepos=\"5:1-16:0\">\n<li data-sourcepos=\"5:1-5:54\"><strong>Producto:<\/strong> Soporte de tel\u00e9fono m\u00f3vil\u00a0 acrilico.<\/li>\n<li data-sourcepos=\"6:1-6:24\"><strong>Marca:<\/strong> Laserworks.<\/li>\n<li data-sourcepos=\"7:1-7:125\"><strong>Dise\u00f1o:<\/strong> Soporte armable y compacto para tel\u00e9fono m\u00f3vil, con ranuras para sostener el dispositivo en posici\u00f3n vertical.<\/li>\n<li data-sourcepos=\"8:1-8:81\"><strong>Material:<\/strong> Acrilico<\/li>\n<li data-sourcepos=\"9:1-13:100\"><strong>Caracter\u00edsticas:<\/strong>\n<ul data-sourcepos=\"10:5-13:100\">\n<li data-sourcepos=\"10:5-10:68\">Dise\u00f1o armable para facilitar su transporte y almacenamiento.<\/li>\n<li data-sourcepos=\"11:5-11:79\">Ranuras en la base para sostener el tel\u00e9fono m\u00f3vil en diferentes \u00e1ngulos.<\/li>\n<li data-sourcepos=\"13:5-13:100\">Personalizado con impresi\u00f3n dtf uv<\/li>\n<\/ul>\n<\/li>\n<\/ul>\n<p data-sourcepos=\"17:1-17:18\"><strong>Posibles Usos:<\/strong><\/p>\n<ul data-sourcepos=\"19:1-22:0\">\n<li data-sourcepos=\"19:1-19:84\">Soporte para tel\u00e9fono m\u00f3vil para ver videos, hacer videollamadas o leer contenido.<\/li>\n<li data-sourcepos=\"20:1-20:105\">Art\u00edculo promocional o de regalo para clientes<\/li>\n<li data-sourcepos=\"21:1-22:0\">Accesorio de escritorio para mantener el tel\u00e9fono m\u00f3vil a la vista.<\/li>\n<\/ul>\n","protected":false},"excerpt":{"rendered":"<p>Este no es solo un porta celular, es una oportunidad para mantener tu marca presente en el d\u00eda a d\u00eda de las personas. Estoy aqu\u00ed para ayudarte a crear un art\u00edculo promocional o un regalo corporativo que realmente cause impacto. \u00bfC\u00f3mo te gustar\u00eda personalizar el tuyo?<\/p>\n[njwa_button id=\"588\"]\n","protected":false},"featured_media":499,"comment_status":"open","ping_status":"closed","template":"","meta":[],"product_brand":[],"product_cat":[15],"product_tag":[57,50,58,26],"class_list":{"0":"post-498","1":"product","2":"type-product","3":"status-publish","4":"has-post-thumbnail","6":"product_cat-sin-categorizar","7":"product_tag-celulares","8":"product_tag-corte-laser","9":"product_tag-diseno","10":"product_tag-regalos-corporativos","12":"first","13":"instock","14":"shipping-taxable","15":"purchasable","16":"product-type-simple"},"yoast_head":"<!-- This site is optimized with the Yoast SEO plugin v25.3.1 - https:\/\/yoast.com\/wordpress\/plugins\/seo\/ -->\n<title>Soporte para Celular - Soporte para Celular<\/title>\n<meta name=\"description\" content=\"Libera tus manos y ten tu celular siempre a la vista con este porta celular .El regalo corporativo perfecto: funcional y personalizable con tu logo.\" \/>\n<meta name=\"robots\" content=\"index, follow, max-snippet:-1, max-image-preview:large, max-video-preview:-1\" \/>\n<link rel=\"canonical\" href=\"https:\/\/laserworks.cl\/?product=soporte-para-telefono-celular\" \/>\n<meta property=\"og:locale\" content=\"es_ES\" \/>\n<meta property=\"og:type\" content=\"article\" \/>\n<meta property=\"og:title\" content=\"Soporte para Celular - Soporte para Celular\" \/>\n<meta property=\"og:description\" content=\"Libera tus manos y ten tu celular siempre a la vista con este porta celular .El regalo corporativo perfecto: funcional y personalizable con tu logo.\" \/>\n<meta property=\"og:url\" content=\"https:\/\/laserworks.cl\/?product=soporte-para-telefono-celular\" \/>\n<meta property=\"article:modified_time\" content=\"2025-04-08T17:17:28+00:00\" \/>\n<meta property=\"og:image\" content=\"https:\/\/laserworks.cl\/wp-content\/uploads\/2025\/03\/Productos-para-pagina-01-scaled.jpg\" \/>\n\t<meta property=\"og:image:width\" content=\"2560\" \/>\n\t<meta property=\"og:image:height\" content=\"2560\" \/>\n\t<meta property=\"og:image:type\" content=\"image\/jpeg\" \/>\n<meta name=\"twitter:card\" content=\"summary_large_image\" \/>\n<meta name=\"twitter:label1\" content=\"Tiempo de lectura\" \/>\n\t<meta name=\"twitter:data1\" content=\"1 minuto\" \/>\n<script type=\"application\/ld+json\" class=\"yoast-schema-graph\">{\"@context\":\"https:\/\/schema.org\",\"@graph\":[{\"@type\":\"WebPage\",\"@id\":\"https:\/\/laserworks.cl\/?product=soporte-para-telefono-celular\",\"url\":\"https:\/\/laserworks.cl\/?product=soporte-para-telefono-celular\",\"name\":\"Soporte para Celular - Soporte para Celular\",\"isPartOf\":{\"@id\":\"https:\/\/laserworks.cl\/#website\"},\"primaryImageOfPage\":{\"@id\":\"https:\/\/laserworks.cl\/?product=soporte-para-telefono-celular#primaryimage\"},\"image\":{\"@id\":\"https:\/\/laserworks.cl\/?product=soporte-para-telefono-celular#primaryimage\"},\"thumbnailUrl\":\"https:\/\/laserworks.cl\/wp-content\/uploads\/2025\/03\/Productos-para-pagina-01-scaled.jpg\",\"datePublished\":\"2025-03-07T19:32:32+00:00\",\"dateModified\":\"2025-04-08T17:17:28+00:00\",\"description\":\"Libera tus manos y ten tu celular siempre a la vista con este porta celular .El regalo corporativo perfecto: funcional y personalizable con tu logo.\",\"breadcrumb\":{\"@id\":\"https:\/\/laserworks.cl\/?product=soporte-para-telefono-celular#breadcrumb\"},\"inLanguage\":\"es\",\"potentialAction\":[{\"@type\":\"ReadAction\",\"target\":[\"https:\/\/laserworks.cl\/?product=soporte-para-telefono-celular\"]}]},{\"@type\":\"ImageObject\",\"inLanguage\":\"es\",\"@id\":\"https:\/\/laserworks.cl\/?product=soporte-para-telefono-celular#primaryimage\",\"url\":\"https:\/\/laserworks.cl\/wp-content\/uploads\/2025\/03\/Productos-para-pagina-01-scaled.jpg\",\"contentUrl\":\"https:\/\/laserworks.cl\/wp-content\/uploads\/2025\/03\/Productos-para-pagina-01-scaled.jpg\",\"width\":2560,\"height\":2560},{\"@type\":\"BreadcrumbList\",\"@id\":\"https:\/\/laserworks.cl\/?product=soporte-para-telefono-celular#breadcrumb\",\"itemListElement\":[{\"@type\":\"ListItem\",\"position\":1,\"name\":\"Portada\",\"item\":\"https:\/\/laserworks.cl\/\"},{\"@type\":\"ListItem\",\"position\":2,\"name\":\"Tienda\",\"item\":\"https:\/\/laserworks.cl\/?page_id=6\"},{\"@type\":\"ListItem\",\"position\":3,\"name\":\"Soporte para Celular\"}]},{\"@type\":\"WebSite\",\"@id\":\"https:\/\/laserworks.cl\/#website\",\"url\":\"https:\/\/laserworks.cl\/\",\"name\":\"\",\"description\":\"\",\"potentialAction\":[{\"@type\":\"SearchAction\",\"target\":{\"@type\":\"EntryPoint\",\"urlTemplate\":\"https:\/\/laserworks.cl\/?s={search_term_string}\"},\"query-input\":{\"@type\":\"PropertyValueSpecification\",\"valueRequired\":true,\"valueName\":\"search_term_string\"}}],\"inLanguage\":\"es\"}]}<\/script>\n<!-- \/ Yoast SEO plugin. -->","yoast_head_json":{"title":"Soporte para Celular - Soporte para Celular","description":"Libera tus manos y ten tu celular siempre a la vista con este porta celular .El regalo corporativo perfecto: funcional y personalizable con tu logo.","robots":{"index":"index","follow":"follow","max-snippet":"max-snippet:-1","max-image-preview":"max-image-preview:large","max-video-preview":"max-video-preview:-1"},"canonical":"https:\/\/laserworks.cl\/?product=soporte-para-telefono-celular","og_locale":"es_ES","og_type":"article","og_title":"Soporte para Celular - Soporte para Celular","og_description":"Libera tus manos y ten tu celular siempre a la vista con este porta celular .El regalo corporativo perfecto: funcional y personalizable con tu logo.","og_url":"https:\/\/laserworks.cl\/?product=soporte-para-telefono-celular","article_modified_time":"2025-04-08T17:17:28+00:00","og_image":[{"width":2560,"height":2560,"url":"https:\/\/laserworks.cl\/wp-content\/uploads\/2025\/03\/Productos-para-pagina-01-scaled.jpg","type":"image\/jpeg"}],"twitter_card":"summary_large_image","twitter_misc":{"Tiempo de lectura":"1 minuto"},"schema":{"@context":"https:\/\/schema.org","@graph":[{"@type":"WebPage","@id":"https:\/\/laserworks.cl\/?product=soporte-para-telefono-celular","url":"https:\/\/laserworks.cl\/?product=soporte-para-telefono-celular","name":"Soporte para Celular - Soporte para Celular","isPartOf":{"@id":"https:\/\/laserworks.cl\/#website"},"primaryImageOfPage":{"@id":"https:\/\/laserworks.cl\/?product=soporte-para-telefono-celular#primaryimage"},"image":{"@id":"https:\/\/laserworks.cl\/?product=soporte-para-telefono-celular#primaryimage"},"thumbnailUrl":"https:\/\/laserworks.cl\/wp-content\/uploads\/2025\/03\/Productos-para-pagina-01-scaled.jpg","datePublished":"2025-03-07T19:32:32+00:00","dateModified":"2025-04-08T17:17:28+00:00","description":"Libera tus manos y ten tu celular siempre a la vista con este porta celular .El regalo corporativo perfecto: funcional y personalizable con tu logo.","breadcrumb":{"@id":"https:\/\/laserworks.cl\/?product=soporte-para-telefono-celular#breadcrumb"},"inLanguage":"es","potentialAction":[{"@type":"ReadAction","target":["https:\/\/laserworks.cl\/?product=soporte-para-telefono-celular"]}]},{"@type":"ImageObject","inLanguage":"es","@id":"https:\/\/laserworks.cl\/?product=soporte-para-telefono-celular#primaryimage","url":"https:\/\/laserworks.cl\/wp-content\/uploads\/2025\/03\/Productos-para-pagina-01-scaled.jpg","contentUrl":"https:\/\/laserworks.cl\/wp-content\/uploads\/2025\/03\/Productos-para-pagina-01-scaled.jpg","width":2560,"height":2560},{"@type":"BreadcrumbList","@id":"https:\/\/laserworks.cl\/?product=soporte-para-telefono-celular#breadcrumb","itemListElement":[{"@type":"ListItem","position":1,"name":"Portada","item":"https:\/\/laserworks.cl\/"},{"@type":"ListItem","position":2,"name":"Tienda","item":"https:\/\/laserworks.cl\/?page_id=6"},{"@type":"ListItem","position":3,"name":"Soporte para Celular"}]},{"@type":"WebSite","@id":"https:\/\/laserworks.cl\/#website","url":"https:\/\/laserworks.cl\/","name":"","description":"","potentialAction":[{"@type":"SearchAction","target":{"@type":"EntryPoint","urlTemplate":"https:\/\/laserworks.cl\/?s={search_term_string}"},"query-input":{"@type":"PropertyValueSpecification","valueRequired":true,"valueName":"search_term_string"}}],"inLanguage":"es"}]}},"_links":{"self":[{"href":"https:\/\/laserworks.cl\/index.php?rest_route=\/wp\/v2\/product\/498","targetHints":{"allow":["GET"]}}],"collection":[{"href":"https:\/\/laserworks.cl\/index.php?rest_route=\/wp\/v2\/product"}],"about":[{"href":"https:\/\/laserworks.cl\/index.php?rest_route=\/wp\/v2\/types\/product"}],"replies":[{"embeddable":true,"href":"https:\/\/laserworks.cl\/index.php?rest_route=%2Fwp%2Fv2%2Fcomments&post=498"}],"wp:featuredmedia":[{"embeddable":true,"href":"https:\/\/laserworks.cl\/index.php?rest_route=\/wp\/v2\/media\/499"}],"wp:attachment":[{"href":"https:\/\/laserworks.cl\/index.php?rest_route=%2Fwp%2Fv2%2Fmedia&parent=498"}],"wp:term":[{"taxonomy":"product_brand","embeddable":true,"href":"https:\/\/laserworks.cl\/index.php?rest_route=%2Fwp%2Fv2%2Fproduct_brand&post=498"},{"taxonomy":"product_cat","embeddable":true,"href":"https:\/\/laserworks.cl\/index.php?rest_route=%2Fwp%2Fv2%2Fproduct_cat&post=498"},{"taxonomy":"product_tag","embeddable":true,"href":"https:\/\/laserworks.cl\/index.php?rest_route=%2Fwp%2Fv2%2Fproduct_tag&post=498"}],"curies":[{"name":"wp","href":"https:\/\/api.w.org\/{rel}","templated":true}]}}