{"id":500,"date":"2025-03-07T19:36:33","date_gmt":"2025-03-07T19:36:33","guid":{"rendered":"https:\/\/laserworks.cl\/?post_type=product&#038;p=500"},"modified":"2025-04-08T16:38:46","modified_gmt":"2025-04-08T16:38:46","slug":"sacacorchos","status":"publish","type":"product","link":"https:\/\/laserworks.cl\/?product=sacacorchos","title":{"rendered":"Descorchador Profesional"},"content":{"rendered":"<p><strong><span style=\"vertical-align: inherit;\"><span style=\"vertical-align: inherit;\">Descorchador profesional \u00abSommelier\u00bb<\/span><\/span><\/strong><span style=\"vertical-align: inherit;\"><span style=\"vertical-align: inherit;\"> de 2 tiempos de Acero Inoxidable con cubierta y tirabuz\u00f3n de tefl\u00f3n.<\/span><\/span><\/p>\n<p><span style=\"vertical-align: inherit;\"><span style=\"vertical-align: inherit;\">Presentaci\u00f3n en caja de cart\u00f3n plateada.<\/span><\/span><\/p>\n<p><strong><span style=\"vertical-align: inherit;\"><span style=\"vertical-align: inherit;\">Caracter\u00edsticas:<\/span><\/span><\/strong><\/p>\n<p><span style=\"vertical-align: inherit;\"><span style=\"vertical-align: inherit;\">Dise\u00f1o plegable para facilitar su transporte y almacenamiento.<\/span><\/span><\/p>\n<p><span style=\"vertical-align: inherit;\"><span style=\"vertical-align: inherit;\">Hoja de sierra para cortar la c\u00e1psula de la botella.<\/span><\/span><\/p>\n<p><span style=\"vertical-align: inherit;\"><span style=\"vertical-align: inherit;\">Espiral de metal para extraer el corcho.<\/span><\/span><\/p>\n<p><span style=\"vertical-align: inherit;\"><span style=\"vertical-align: inherit;\">Palanca de apoyo para facilitar la extracci\u00f3n del corcho.<\/span><\/span><\/p>\n<p><span style=\"vertical-align: inherit;\"><span style=\"vertical-align: inherit;\">Presentaci\u00f3n en caja de cart\u00f3n plateada.<\/span><\/span><\/p>\n","protected":false},"excerpt":{"rendered":"<p><span style=\"vertical-align: inherit;\"><span style=\"vertical-align: inherit;\">El Sacacorchos es una herramienta multifuncional y pr\u00e1ctica, esencial para cualquier aficionado o profesional del vino. Su dise\u00f1o de doble palanca facilita la extracci\u00f3n de corchos de manera suave y controlada.<\/span><\/span><\/p>\n<p><span style=\"vertical-align: inherit;\"><span style=\"vertical-align: inherit;\">[njwa_button id=\"588\"]<\/span><\/span><\/p>\n","protected":false},"featured_media":502,"comment_status":"open","ping_status":"closed","template":"","meta":[],"product_brand":[],"product_cat":[53],"product_tag":[43,56,26,40,42],"class_list":{"0":"post-500","1":"product","2":"type-product","3":"status-publish","4":"has-post-thumbnail","6":"product_cat-gourmet-sommelier","7":"product_tag-degustaciones","8":"product_tag-grabado-laser","9":"product_tag-regalos-corporativos","10":"product_tag-vinos","11":"product_tag-vinos-y-sommelier","13":"first","14":"instock","15":"sale","16":"shipping-taxable","17":"purchasable","18":"product-type-simple"},"yoast_head":"<!-- This site is optimized with the Yoast SEO plugin v25.3.1 - https:\/\/yoast.com\/wordpress\/plugins\/seo\/ -->\n<title>Descorchador Profesional - Descorchador Profesional<\/title>\n<meta name=\"description\" content=\"Sacacorchos de alta calidad para abrir botellas de vino sin esfuerzo. Dise\u00f1o compacto y duradero con cuchilla y abrebotellas. \u00a1Imprescindible para tu hogar o bar!\" \/>\n<meta name=\"robots\" content=\"index, follow, max-snippet:-1, max-image-preview:large, max-video-preview:-1\" \/>\n<link rel=\"canonical\" href=\"https:\/\/laserworks.cl\/?product=sacacorchos\" \/>\n<meta property=\"og:locale\" content=\"es_ES\" \/>\n<meta property=\"og:type\" content=\"article\" \/>\n<meta property=\"og:title\" content=\"Descorchador Profesional - Descorchador Profesional\" \/>\n<meta property=\"og:description\" content=\"Sacacorchos de alta calidad para abrir botellas de vino sin esfuerzo. Dise\u00f1o compacto y duradero con cuchilla y abrebotellas. \u00a1Imprescindible para tu hogar o bar!\" \/>\n<meta property=\"og:url\" content=\"https:\/\/laserworks.cl\/?product=sacacorchos\" \/>\n<meta property=\"article:modified_time\" content=\"2025-04-08T16:38:46+00:00\" \/>\n<meta property=\"og:image\" content=\"https:\/\/laserworks.cl\/wp-content\/uploads\/2025\/03\/Productos-para-pagina-12-scaled.jpg\" \/>\n\t<meta property=\"og:image:width\" content=\"2560\" \/>\n\t<meta property=\"og:image:height\" content=\"2560\" \/>\n\t<meta property=\"og:image:type\" content=\"image\/jpeg\" \/>\n<meta name=\"twitter:card\" content=\"summary_large_image\" \/>\n<meta name=\"twitter:label1\" content=\"Tiempo de lectura\" \/>\n\t<meta name=\"twitter:data1\" content=\"1 minuto\" \/>\n<script type=\"application\/ld+json\" class=\"yoast-schema-graph\">{\"@context\":\"https:\/\/schema.org\",\"@graph\":[{\"@type\":\"WebPage\",\"@id\":\"https:\/\/laserworks.cl\/?product=sacacorchos\",\"url\":\"https:\/\/laserworks.cl\/?product=sacacorchos\",\"name\":\"Descorchador Profesional - Descorchador Profesional\",\"isPartOf\":{\"@id\":\"https:\/\/laserworks.cl\/#website\"},\"primaryImageOfPage\":{\"@id\":\"https:\/\/laserworks.cl\/?product=sacacorchos#primaryimage\"},\"image\":{\"@id\":\"https:\/\/laserworks.cl\/?product=sacacorchos#primaryimage\"},\"thumbnailUrl\":\"https:\/\/laserworks.cl\/wp-content\/uploads\/2025\/03\/Productos-para-pagina-12-scaled.jpg\",\"datePublished\":\"2025-03-07T19:36:33+00:00\",\"dateModified\":\"2025-04-08T16:38:46+00:00\",\"description\":\"Sacacorchos de alta calidad para abrir botellas de vino sin esfuerzo. Dise\u00f1o compacto y duradero con cuchilla y abrebotellas. \u00a1Imprescindible para tu hogar o bar!\",\"breadcrumb\":{\"@id\":\"https:\/\/laserworks.cl\/?product=sacacorchos#breadcrumb\"},\"inLanguage\":\"es\",\"potentialAction\":[{\"@type\":\"ReadAction\",\"target\":[\"https:\/\/laserworks.cl\/?product=sacacorchos\"]}]},{\"@type\":\"ImageObject\",\"inLanguage\":\"es\",\"@id\":\"https:\/\/laserworks.cl\/?product=sacacorchos#primaryimage\",\"url\":\"https:\/\/laserworks.cl\/wp-content\/uploads\/2025\/03\/Productos-para-pagina-12-scaled.jpg\",\"contentUrl\":\"https:\/\/laserworks.cl\/wp-content\/uploads\/2025\/03\/Productos-para-pagina-12-scaled.jpg\",\"width\":2560,\"height\":2560},{\"@type\":\"BreadcrumbList\",\"@id\":\"https:\/\/laserworks.cl\/?product=sacacorchos#breadcrumb\",\"itemListElement\":[{\"@type\":\"ListItem\",\"position\":1,\"name\":\"Portada\",\"item\":\"https:\/\/laserworks.cl\/\"},{\"@type\":\"ListItem\",\"position\":2,\"name\":\"Tienda\",\"item\":\"https:\/\/laserworks.cl\/?page_id=6\"},{\"@type\":\"ListItem\",\"position\":3,\"name\":\"Descorchador Profesional\"}]},{\"@type\":\"WebSite\",\"@id\":\"https:\/\/laserworks.cl\/#website\",\"url\":\"https:\/\/laserworks.cl\/\",\"name\":\"\",\"description\":\"\",\"potentialAction\":[{\"@type\":\"SearchAction\",\"target\":{\"@type\":\"EntryPoint\",\"urlTemplate\":\"https:\/\/laserworks.cl\/?s={search_term_string}\"},\"query-input\":{\"@type\":\"PropertyValueSpecification\",\"valueRequired\":true,\"valueName\":\"search_term_string\"}}],\"inLanguage\":\"es\"}]}<\/script>\n<!-- \/ Yoast SEO plugin. -->","yoast_head_json":{"title":"Descorchador Profesional - Descorchador Profesional","description":"Sacacorchos de alta calidad para abrir botellas de vino sin esfuerzo. Dise\u00f1o compacto y duradero con cuchilla y abrebotellas. \u00a1Imprescindible para tu hogar o bar!","robots":{"index":"index","follow":"follow","max-snippet":"max-snippet:-1","max-image-preview":"max-image-preview:large","max-video-preview":"max-video-preview:-1"},"canonical":"https:\/\/laserworks.cl\/?product=sacacorchos","og_locale":"es_ES","og_type":"article","og_title":"Descorchador Profesional - Descorchador Profesional","og_description":"Sacacorchos de alta calidad para abrir botellas de vino sin esfuerzo. Dise\u00f1o compacto y duradero con cuchilla y abrebotellas. \u00a1Imprescindible para tu hogar o bar!","og_url":"https:\/\/laserworks.cl\/?product=sacacorchos","article_modified_time":"2025-04-08T16:38:46+00:00","og_image":[{"width":2560,"height":2560,"url":"https:\/\/laserworks.cl\/wp-content\/uploads\/2025\/03\/Productos-para-pagina-12-scaled.jpg","type":"image\/jpeg"}],"twitter_card":"summary_large_image","twitter_misc":{"Tiempo de lectura":"1 minuto"},"schema":{"@context":"https:\/\/schema.org","@graph":[{"@type":"WebPage","@id":"https:\/\/laserworks.cl\/?product=sacacorchos","url":"https:\/\/laserworks.cl\/?product=sacacorchos","name":"Descorchador Profesional - Descorchador Profesional","isPartOf":{"@id":"https:\/\/laserworks.cl\/#website"},"primaryImageOfPage":{"@id":"https:\/\/laserworks.cl\/?product=sacacorchos#primaryimage"},"image":{"@id":"https:\/\/laserworks.cl\/?product=sacacorchos#primaryimage"},"thumbnailUrl":"https:\/\/laserworks.cl\/wp-content\/uploads\/2025\/03\/Productos-para-pagina-12-scaled.jpg","datePublished":"2025-03-07T19:36:33+00:00","dateModified":"2025-04-08T16:38:46+00:00","description":"Sacacorchos de alta calidad para abrir botellas de vino sin esfuerzo. Dise\u00f1o compacto y duradero con cuchilla y abrebotellas. \u00a1Imprescindible para tu hogar o bar!","breadcrumb":{"@id":"https:\/\/laserworks.cl\/?product=sacacorchos#breadcrumb"},"inLanguage":"es","potentialAction":[{"@type":"ReadAction","target":["https:\/\/laserworks.cl\/?product=sacacorchos"]}]},{"@type":"ImageObject","inLanguage":"es","@id":"https:\/\/laserworks.cl\/?product=sacacorchos#primaryimage","url":"https:\/\/laserworks.cl\/wp-content\/uploads\/2025\/03\/Productos-para-pagina-12-scaled.jpg","contentUrl":"https:\/\/laserworks.cl\/wp-content\/uploads\/2025\/03\/Productos-para-pagina-12-scaled.jpg","width":2560,"height":2560},{"@type":"BreadcrumbList","@id":"https:\/\/laserworks.cl\/?product=sacacorchos#breadcrumb","itemListElement":[{"@type":"ListItem","position":1,"name":"Portada","item":"https:\/\/laserworks.cl\/"},{"@type":"ListItem","position":2,"name":"Tienda","item":"https:\/\/laserworks.cl\/?page_id=6"},{"@type":"ListItem","position":3,"name":"Descorchador Profesional"}]},{"@type":"WebSite","@id":"https:\/\/laserworks.cl\/#website","url":"https:\/\/laserworks.cl\/","name":"","description":"","potentialAction":[{"@type":"SearchAction","target":{"@type":"EntryPoint","urlTemplate":"https:\/\/laserworks.cl\/?s={search_term_string}"},"query-input":{"@type":"PropertyValueSpecification","valueRequired":true,"valueName":"search_term_string"}}],"inLanguage":"es"}]}},"_links":{"self":[{"href":"https:\/\/laserworks.cl\/index.php?rest_route=\/wp\/v2\/product\/500","targetHints":{"allow":["GET"]}}],"collection":[{"href":"https:\/\/laserworks.cl\/index.php?rest_route=\/wp\/v2\/product"}],"about":[{"href":"https:\/\/laserworks.cl\/index.php?rest_route=\/wp\/v2\/types\/product"}],"replies":[{"embeddable":true,"href":"https:\/\/laserworks.cl\/index.php?rest_route=%2Fwp%2Fv2%2Fcomments&post=500"}],"wp:featuredmedia":[{"embeddable":true,"href":"https:\/\/laserworks.cl\/index.php?rest_route=\/wp\/v2\/media\/502"}],"wp:attachment":[{"href":"https:\/\/laserworks.cl\/index.php?rest_route=%2Fwp%2Fv2%2Fmedia&parent=500"}],"wp:term":[{"taxonomy":"product_brand","embeddable":true,"href":"https:\/\/laserworks.cl\/index.php?rest_route=%2Fwp%2Fv2%2Fproduct_brand&post=500"},{"taxonomy":"product_cat","embeddable":true,"href":"https:\/\/laserworks.cl\/index.php?rest_route=%2Fwp%2Fv2%2Fproduct_cat&post=500"},{"taxonomy":"product_tag","embeddable":true,"href":"https:\/\/laserworks.cl\/index.php?rest_route=%2Fwp%2Fv2%2Fproduct_tag&post=500"}],"curies":[{"name":"wp","href":"https:\/\/api.w.org\/{rel}","templated":true}]}}